{"id":1417,"date":"2026-02-02T15:33:05","date_gmt":"2026-02-02T15:33:05","guid":{"rendered":"https:\/\/goforest.be\/services\/"},"modified":"2026-04-02T12:38:16","modified_gmt":"2026-04-02T12:38:16","slug":"services","status":"publish","type":"page","link":"https:\/\/goforest.be\/fr\/services\/","title":{"rendered":"Services"},"content":{"rendered":"\t\t<div data-elementor-type=\"wp-page\" data-elementor-id=\"1417\" class=\"elementor elementor-1417 elementor-180\" data-elementor-post-type=\"page\">\n\t\t\t\t<div class=\"elementor-element elementor-element-6bff35b e-flex e-con-boxed e-con e-parent\" data-id=\"6bff35b\" data-element_type=\"container\" data-e-type=\"container\">\n\t\t\t\t\t<div class=\"e-con-inner\">\n\t\t<div class=\"elementor-element elementor-element-1b643b4 e-con-full e-flex e-con e-child\" data-id=\"1b643b4\" data-element_type=\"container\" data-e-type=\"container\" data-settings=\"{&quot;background_background&quot;:&quot;gradient&quot;}\">\n\t\t\t\t<div class=\"elementor-element elementor-element-5acf2c9 elementor-widget elementor-widget-heading\" data-id=\"5acf2c9\" data-element_type=\"widget\" data-e-type=\"widget\" data-widget_type=\"heading.default\">\n\t\t\t\t<div class=\"elementor-widget-container\">\n\t\t\t\t\t<h2 class=\"elementor-heading-title elementor-size-default\">Services<\/h2>\t\t\t\t<\/div>\n\t\t\t\t<\/div>\n\t\t\t\t<div class=\"elementor-element elementor-element-47b8207 elementor-widget elementor-widget-text-editor\" data-id=\"47b8207\" data-element_type=\"widget\" data-e-type=\"widget\" data-widget_type=\"text-editor.default\">\n\t\t\t\t<div class=\"elementor-widget-container\">\n\t\t\t\t\t\t\t\t\t<p>Nos solutions alignent la restauration des \u00e9cosyst\u00e8mes avec vos priorit\u00e9s strat\u00e9giques. Choisissez l\u2019approche la plus adapt\u00e9e \u00e0 vos ambitions environnementales, via des projets certifi\u00e9s de cr\u00e9dits carbone ou des initiatives de restauration \u00e0 fort impact.<\/p>\n<p>Notre \u00e9quipe se tient \u00e0 votre disposition pour <a href=\"https:\/\/calendly.com\/goforest\" target=\"_blank\" rel=\"noopener\">en discuter<\/a> et identifier la meilleure approche pour votre organisation.<\/p>\n\t\t\t\t\t\t\t\t<\/div>\n\t\t\t\t<\/div>\n\t\t\t\t<\/div>\n\t\t\t\t\t<\/div>\n\t\t\t\t<\/div>\n\t\t<div class=\"elementor-element elementor-element-fc9836d e-flex e-con-boxed e-con e-parent\" data-id=\"fc9836d\" data-element_type=\"container\" data-e-type=\"container\">\n\t\t\t\t\t<div class=\"e-con-inner\">\n\t\t<div class=\"elementor-element elementor-element-91c5eb2 e-con-full e-flex e-con e-child\" data-id=\"91c5eb2\" data-element_type=\"container\" data-e-type=\"container\">\n\t\t<div class=\"elementor-element elementor-element-b736f7b e-con-full e-flex e-con e-child\" data-id=\"b736f7b\" data-element_type=\"container\" data-e-type=\"container\">\n\t\t<div class=\"elementor-element elementor-element-9f0ec0a e-con-full e-flex e-con e-child\" data-id=\"9f0ec0a\" data-element_type=\"container\" data-e-type=\"container\" data-settings=\"{&quot;background_background&quot;:&quot;gradient&quot;}\">\n\t\t<div class=\"elementor-element elementor-element-da978d3 e-con-full e-flex e-con e-child\" data-id=\"da978d3\" data-element_type=\"container\" data-e-type=\"container\">\n\t\t\t\t<div class=\"elementor-element elementor-element-6eb3634 elementor-widget elementor-widget-image\" data-id=\"6eb3634\" data-element_type=\"widget\" data-e-type=\"widget\" data-widget_type=\"image.default\">\n\t\t\t\t<div class=\"elementor-widget-container\">\n\t\t\t\t\t\t\t\t\t\t\t\t\t\t\t<img fetchpriority=\"high\" decoding=\"async\" width=\"800\" height=\"800\" src=\"https:\/\/goforest.be\/wp-content\/uploads\/2026\/02\/Go_Forest_plant_trees_DRC_2024-1024x1024.webp\" class=\"attachment-large size-large wp-image-1418\" alt=\"\" srcset=\"https:\/\/goforest.be\/wp-content\/uploads\/2026\/02\/Go_Forest_plant_trees_DRC_2024-1024x1024.webp 1024w, https:\/\/goforest.be\/wp-content\/uploads\/2026\/02\/Go_Forest_plant_trees_DRC_2024-300x300.webp 300w, https:\/\/goforest.be\/wp-content\/uploads\/2026\/02\/Go_Forest_plant_trees_DRC_2024-150x150.webp 150w, https:\/\/goforest.be\/wp-content\/uploads\/2026\/02\/Go_Forest_plant_trees_DRC_2024-768x768.webp 768w, https:\/\/goforest.be\/wp-content\/uploads\/2026\/02\/Go_Forest_plant_trees_DRC_2024-600x600.webp 600w, https:\/\/goforest.be\/wp-content\/uploads\/2026\/02\/Go_Forest_plant_trees_DRC_2024-100x100.webp 100w, https:\/\/goforest.be\/wp-content\/uploads\/2026\/02\/Go_Forest_plant_trees_DRC_2024.webp 1500w\" sizes=\"(max-width: 800px) 100vw, 800px\" \/>\t\t\t\t\t\t\t\t\t\t\t\t\t\t\t<\/div>\n\t\t\t\t<\/div>\n\t\t\t\t<div class=\"elementor-element elementor-element-24fb89a elementor-widget elementor-widget-heading\" data-id=\"24fb89a\" data-element_type=\"widget\" data-e-type=\"widget\" data-widget_type=\"heading.default\">\n\t\t\t\t<div class=\"elementor-widget-container\">\n\t\t\t\t\t<h2 class=\"elementor-heading-title elementor-size-default\">Planter des arbres<\/h2>\t\t\t\t<\/div>\n\t\t\t\t<\/div>\n\t\t\t\t<div class=\"elementor-element elementor-element-86b6d39 elementor-widget elementor-widget-text-editor\" data-id=\"86b6d39\" data-element_type=\"widget\" data-e-type=\"widget\" data-widget_type=\"text-editor.default\">\n\t\t\t\t<div class=\"elementor-widget-container\">\n\t\t\t\t\t\t\t\t\t<p><span class=\"notion-enable-hover\" data-token-index=\"0\">Investissez dans des projets de restauration d&rsquo;\u00e9cosyst\u00e8mes de haute qualit\u00e9 qui g\u00e9n\u00e8rent une valeur environnementale et sociale tangible. Id\u00e9al pour les organisations qui souhaitent d\u00e9montrer leur leadership environnemental sans recourir \u00e0 des cr\u00e9dits carbone certifi\u00e9s. Ces initiatives cr\u00e9ent des programmes visibles et concrets qui mobilisent les parties prenantes et renforcent votre positionnement.  <\/span><\/p>\n\t\t\t\t\t\t\t\t<\/div>\n\t\t\t\t<\/div>\n\t\t\t\t<\/div>\n\t\t\t\t<div class=\"elementor-element elementor-element-b209aee elementor-widget elementor-widget-button\" data-id=\"b209aee\" data-element_type=\"widget\" data-e-type=\"widget\" data-widget_type=\"button.default\">\n\t\t\t\t<div class=\"elementor-widget-container\">\n\t\t\t\t\t\t\t\t\t<div class=\"elementor-button-wrapper\">\n\t\t\t\t\t<a class=\"elementor-button elementor-button-link elementor-size-sm elementor-animation-grow\" href=\"https:\/\/goforest.be\/fr\/planter-des-arbres\/\">\n\t\t\t\t\t\t<span class=\"elementor-button-content-wrapper\">\n\t\t\t\t\t\t\t\t\t<span class=\"elementor-button-text\">En savoir plus sur la plantation d'arbres<\/span>\n\t\t\t\t\t<\/span>\n\t\t\t\t\t<\/a>\n\t\t\t\t<\/div>\n\t\t\t\t\t\t\t\t<\/div>\n\t\t\t\t<\/div>\n\t\t\t\t<\/div>\n\t\t<div class=\"elementor-element elementor-element-c7579c1 e-con-full e-flex e-con e-child\" data-id=\"c7579c1\" data-element_type=\"container\" data-e-type=\"container\" data-settings=\"{&quot;background_background&quot;:&quot;gradient&quot;}\">\n\t\t<div class=\"elementor-element elementor-element-5bd739b e-con-full e-flex e-con e-child\" data-id=\"5bd739b\" data-element_type=\"container\" data-e-type=\"container\">\n\t\t\t\t<div class=\"elementor-element elementor-element-1a21567 elementor-widget elementor-widget-image\" data-id=\"1a21567\" data-element_type=\"widget\" data-e-type=\"widget\" data-widget_type=\"image.default\">\n\t\t\t\t<div class=\"elementor-widget-container\">\n\t\t\t\t\t\t\t\t\t\t\t\t\t\t\t<img decoding=\"async\" width=\"800\" height=\"800\" src=\"https:\/\/goforest.be\/wp-content\/uploads\/2026\/02\/Go_Forest_Carbon_Credits_Madagascar_2024-1024x1024.webp\" class=\"attachment-large size-large wp-image-1419\" alt=\"\" srcset=\"https:\/\/goforest.be\/wp-content\/uploads\/2026\/02\/Go_Forest_Carbon_Credits_Madagascar_2024-1024x1024.webp 1024w, https:\/\/goforest.be\/wp-content\/uploads\/2026\/02\/Go_Forest_Carbon_Credits_Madagascar_2024-300x300.webp 300w, https:\/\/goforest.be\/wp-content\/uploads\/2026\/02\/Go_Forest_Carbon_Credits_Madagascar_2024-150x150.webp 150w, https:\/\/goforest.be\/wp-content\/uploads\/2026\/02\/Go_Forest_Carbon_Credits_Madagascar_2024-768x768.webp 768w, https:\/\/goforest.be\/wp-content\/uploads\/2026\/02\/Go_Forest_Carbon_Credits_Madagascar_2024-600x600.webp 600w, https:\/\/goforest.be\/wp-content\/uploads\/2026\/02\/Go_Forest_Carbon_Credits_Madagascar_2024-100x100.webp 100w, https:\/\/goforest.be\/wp-content\/uploads\/2026\/02\/Go_Forest_Carbon_Credits_Madagascar_2024.webp 1280w\" sizes=\"(max-width: 800px) 100vw, 800px\" \/>\t\t\t\t\t\t\t\t\t\t\t\t\t\t\t<\/div>\n\t\t\t\t<\/div>\n\t\t\t\t<div class=\"elementor-element elementor-element-881490a elementor-widget elementor-widget-heading\" data-id=\"881490a\" data-element_type=\"widget\" data-e-type=\"widget\" data-widget_type=\"heading.default\">\n\t\t\t\t<div class=\"elementor-widget-container\">\n\t\t\t\t\t<h2 class=\"elementor-heading-title elementor-size-default\">Cr\u00e9dits carbone <\/h2>\t\t\t\t<\/div>\n\t\t\t\t<\/div>\n\t\t\t\t<div class=\"elementor-element elementor-element-9e7e141 elementor-widget elementor-widget-text-editor\" data-id=\"9e7e141\" data-element_type=\"widget\" data-e-type=\"widget\" data-widget_type=\"text-editor.default\">\n\t\t\t\t<div class=\"elementor-widget-container\">\n\t\t\t\t\t\t\t\t\t<p><span class=\"notion-enable-hover\" data-token-index=\"0\">Soutenez votre strat\u00e9gie climatique gr\u00e2ce \u00e0 des projets de cr\u00e9dits carbone certifi\u00e9s qui g\u00e9n\u00e8rent des b\u00e9n\u00e9fices concrets pour les communaut\u00e9s locales. Con\u00e7ues pour les organisations visant la neutralit\u00e9 carbone ou le net-z\u00e9ro, ces initiatives proposent \u00e0 la fois des cr\u00e9dits disponibles imm\u00e9diatement et des mod\u00e8les de pr\u00e9financement permettant de d\u00e9velopper de nouveaux projets et de s\u00e9curiser les cr\u00e9dits futurs. <\/span><\/p>\n\t\t\t\t\t\t\t\t<\/div>\n\t\t\t\t<\/div>\n\t\t\t\t<\/div>\n\t\t\t\t<div class=\"elementor-element elementor-element-eb832f7 elementor-widget elementor-widget-button\" data-id=\"eb832f7\" data-element_type=\"widget\" data-e-type=\"widget\" data-widget_type=\"button.default\">\n\t\t\t\t<div class=\"elementor-widget-container\">\n\t\t\t\t\t\t\t\t\t<div class=\"elementor-button-wrapper\">\n\t\t\t\t\t<a class=\"elementor-button elementor-button-link elementor-size-sm elementor-animation-grow\" href=\"https:\/\/goforest.be\/fr\/credits-carbone\/\">\n\t\t\t\t\t\t<span class=\"elementor-button-content-wrapper\">\n\t\t\t\t\t\t\t\t\t<span class=\"elementor-button-text\">En savoir plus sur les cr\u00e9dits carbone<\/span>\n\t\t\t\t\t<\/span>\n\t\t\t\t\t<\/a>\n\t\t\t\t<\/div>\n\t\t\t\t\t\t\t\t<\/div>\n\t\t\t\t<\/div>\n\t\t\t\t<\/div>\n\t\t<div class=\"elementor-element elementor-element-509898b e-con-full e-flex e-con e-child\" data-id=\"509898b\" data-element_type=\"container\" data-e-type=\"container\" data-settings=\"{&quot;background_background&quot;:&quot;gradient&quot;}\">\n\t\t<div class=\"elementor-element elementor-element-3511c05 e-con-full e-flex e-con e-child\" data-id=\"3511c05\" data-element_type=\"container\" data-e-type=\"container\">\n\t\t\t\t<div class=\"elementor-element elementor-element-16efbf0 elementor-widget elementor-widget-image\" data-id=\"16efbf0\" data-element_type=\"widget\" data-e-type=\"widget\" data-widget_type=\"image.default\">\n\t\t\t\t<div class=\"elementor-widget-container\">\n\t\t\t\t\t\t\t\t\t\t\t\t\t\t\t<img decoding=\"async\" width=\"800\" height=\"800\" src=\"https:\/\/goforest.be\/wp-content\/uploads\/2026\/02\/Go_Forest_Indorama_teambuilding_2025-1024x1024.webp\" class=\"attachment-large size-large wp-image-1420\" alt=\"\" srcset=\"https:\/\/goforest.be\/wp-content\/uploads\/2026\/02\/Go_Forest_Indorama_teambuilding_2025-1024x1024.webp 1024w, https:\/\/goforest.be\/wp-content\/uploads\/2026\/02\/Go_Forest_Indorama_teambuilding_2025-300x300.webp 300w, https:\/\/goforest.be\/wp-content\/uploads\/2026\/02\/Go_Forest_Indorama_teambuilding_2025-150x150.webp 150w, https:\/\/goforest.be\/wp-content\/uploads\/2026\/02\/Go_Forest_Indorama_teambuilding_2025-768x768.webp 768w, https:\/\/goforest.be\/wp-content\/uploads\/2026\/02\/Go_Forest_Indorama_teambuilding_2025-600x600.webp 600w, https:\/\/goforest.be\/wp-content\/uploads\/2026\/02\/Go_Forest_Indorama_teambuilding_2025-100x100.webp 100w, https:\/\/goforest.be\/wp-content\/uploads\/2026\/02\/Go_Forest_Indorama_teambuilding_2025.webp 1500w\" sizes=\"(max-width: 800px) 100vw, 800px\" \/>\t\t\t\t\t\t\t\t\t\t\t\t\t\t\t<\/div>\n\t\t\t\t<\/div>\n\t\t\t\t<div class=\"elementor-element elementor-element-41b8e00 elementor-widget elementor-widget-heading\" data-id=\"41b8e00\" data-element_type=\"widget\" data-e-type=\"widget\" data-widget_type=\"heading.default\">\n\t\t\t\t<div class=\"elementor-widget-container\">\n\t\t\t\t\t<h2 class=\"elementor-heading-title elementor-size-default\">Autres services<\/h2>\t\t\t\t<\/div>\n\t\t\t\t<\/div>\n\t\t\t\t<div class=\"elementor-element elementor-element-57f92a0 elementor-widget elementor-widget-text-editor\" data-id=\"57f92a0\" data-element_type=\"widget\" data-e-type=\"widget\" data-widget_type=\"text-editor.default\">\n\t\t\t\t<div class=\"elementor-widget-container\">\n\t\t\t\t\t\t\t\t\t<p>Nous compl\u00e9tons nos projets de restauration par des services qui renforcent l&rsquo;engagement et int\u00e8grent plus profond\u00e9ment la nature au sein de votre organisation. Ces initiatives incluent des tree gifts, des visites de terrain et des sessions de sensibilisation qui mobilisent les \u00e9quipes et renforcent votre engagement environnemental. Nous concevons \u00e9galement des for\u00eats d\u2019entreprise et r\u00e9alisons des analyses approfondies de la relation entre votre organisation et la nature, offrant une vision claire des d\u00e9pendances, des impacts et des risques associ\u00e9s.  <\/p><\/p>\n\t\t\t\t\t\t\t\t<\/div>\n\t\t\t\t<\/div>\n\t\t\t\t<\/div>\n\t\t\t\t<div class=\"elementor-element elementor-element-249cad8 elementor-widget elementor-widget-button\" data-id=\"249cad8\" data-element_type=\"widget\" data-e-type=\"widget\" data-widget_type=\"button.default\">\n\t\t\t\t<div class=\"elementor-widget-container\">\n\t\t\t\t\t\t\t\t\t<div class=\"elementor-button-wrapper\">\n\t\t\t\t\t<a class=\"elementor-button elementor-button-link elementor-size-sm elementor-animation-grow\" href=\"https:\/\/goforest.be\/fr\/autres-services\/\">\n\t\t\t\t\t\t<span class=\"elementor-button-content-wrapper\">\n\t\t\t\t\t\t\t\t\t<span class=\"elementor-button-text\">En savoir plus sur les autres services<\/span>\n\t\t\t\t\t<\/span>\n\t\t\t\t\t<\/a>\n\t\t\t\t<\/div>\n\t\t\t\t\t\t\t\t<\/div>\n\t\t\t\t<\/div>\n\t\t\t\t<\/div>\n\t\t\t\t<\/div>\n\t\t\t\t<\/div>\n\t\t\t\t\t<\/div>\n\t\t\t\t<\/div>\n\t\t\t\t<\/div>\n\t\t","protected":false},"excerpt":{"rendered":"<p>Nos solutions alignent la restauration des \u00e9cosyst\u00e8mes avec vos priorit\u00e9s strat\u00e9giques. Choisissez l\u2019approche la plus adapt\u00e9e \u00e0 vos ambitions environnementales, via des projets certifi\u00e9s de cr\u00e9dits carbone ou des initiatives de restauration \u00e0 fort impact.<\/p>\n","protected":false},"author":2,"featured_media":1418,"parent":0,"menu_order":0,"comment_status":"closed","ping_status":"closed","template":"","meta":{"footnotes":""},"class_list":["post-1417","page","type-page","status-publish","has-post-thumbnail","hentry"],"_links":{"self":[{"href":"https:\/\/goforest.be\/fr\/wp-json\/wp\/v2\/pages\/1417","targetHints":{"allow":["GET"]}}],"collection":[{"href":"https:\/\/goforest.be\/fr\/wp-json\/wp\/v2\/pages"}],"about":[{"href":"https:\/\/goforest.be\/fr\/wp-json\/wp\/v2\/types\/page"}],"author":[{"embeddable":true,"href":"https:\/\/goforest.be\/fr\/wp-json\/wp\/v2\/users\/2"}],"replies":[{"embeddable":true,"href":"https:\/\/goforest.be\/fr\/wp-json\/wp\/v2\/comments?post=1417"}],"version-history":[{"count":0,"href":"https:\/\/goforest.be\/fr\/wp-json\/wp\/v2\/pages\/1417\/revisions"}],"wp:featuredmedia":[{"embeddable":true,"href":"https:\/\/goforest.be\/fr\/wp-json\/wp\/v2\/media\/1418"}],"wp:attachment":[{"href":"https:\/\/goforest.be\/fr\/wp-json\/wp\/v2\/media?parent=1417"}],"curies":[{"name":"wp","href":"https:\/\/api.w.org\/{rel}","templated":true}]}}