{"id":1552,"date":"2026-02-17T15:14:41","date_gmt":"2026-02-17T15:14:41","guid":{"rendered":"https:\/\/goforest.be\/stage-en-contenu-marketing-et-communication\/"},"modified":"2026-04-02T12:46:55","modified_gmt":"2026-04-02T12:46:55","slug":"stage-en-contenu-marketing-et-communication","status":"publish","type":"page","link":"https:\/\/goforest.be\/fr\/stage-en-contenu-marketing-et-communication\/","title":{"rendered":"Stage en marketing, contenu et communication"},"content":{"rendered":"\t\t<div data-elementor-type=\"wp-page\" data-elementor-id=\"1552\" class=\"elementor elementor-1552 elementor-1148\" data-elementor-post-type=\"page\">\n\t\t\t\t<div class=\"elementor-element elementor-element-6983cf9 e-flex e-con-boxed e-con e-parent\" data-id=\"6983cf9\" data-element_type=\"container\" data-e-type=\"container\">\n\t\t\t\t\t<div class=\"e-con-inner\">\n\t\t<div class=\"elementor-element elementor-element-4d279d8 e-con-full e-flex e-con e-child\" data-id=\"4d279d8\" data-element_type=\"container\" data-e-type=\"container\" data-settings=\"{&quot;background_background&quot;:&quot;gradient&quot;}\">\n\t\t\t\t<div class=\"elementor-element elementor-element-e9a5d0b elementor-widget elementor-widget-heading\" data-id=\"e9a5d0b\" data-element_type=\"widget\" data-e-type=\"widget\" data-widget_type=\"heading.default\">\n\t\t\t\t<div class=\"elementor-widget-container\">\n\t\t\t\t\t<h2 class=\"elementor-heading-title elementor-size-default\">Stage en marketing, contenu et communication<\/h2>\t\t\t\t<\/div>\n\t\t\t\t<\/div>\n\t\t\t\t<\/div>\n\t\t\t\t\t<\/div>\n\t\t\t\t<\/div>\n\t\t<div class=\"elementor-element elementor-element-fa3d2bc e-flex e-con-boxed e-con e-parent\" data-id=\"fa3d2bc\" data-element_type=\"container\" data-e-type=\"container\">\n\t\t\t\t\t<div class=\"e-con-inner\">\n\t\t<div class=\"elementor-element elementor-element-9b5c300 e-con-full e-flex e-con e-child\" data-id=\"9b5c300\" data-element_type=\"container\" data-e-type=\"container\">\n\t\t\t\t<div class=\"elementor-element elementor-element-c8fc1e5 elementor-widget elementor-widget-text-editor\" data-id=\"c8fc1e5\" data-element_type=\"widget\" data-e-type=\"widget\" data-widget_type=\"text-editor.default\">\n\t\t\t\t<div class=\"elementor-widget-container\">\n\t\t\t\t\t\t\t\t\t<div class=\"elementor-element elementor-element-0f205eb elementor-widget elementor-widget-text-editor\" data-id=\"0f205eb\" data-element_type=\"widget\" data-e-type=\"widget\" data-widget_type=\"text-editor.default\">\n<div class=\"elementor-widget-container\">\n<div class=\"elementor-element elementor-element-090de13 elementor-widget elementor-widget-text-editor\" data-id=\"090de13\" data-element_type=\"widget\" data-e-type=\"widget\" data-widget_type=\"text-editor.default\">\n<div class=\"elementor-widget-container\">\n<p><strong>Nous recherchons un stagiaire enthousiaste et pratique pour rejoindre notre \u00e9quipe (marketing). Comme nous sommes une petite \u00e9quipe de base (5) \u00e0 Gand avec d&rsquo;autres coll\u00e8gues r\u00e9partis dans le monde entier, vous aurez l&rsquo;occasion d&rsquo;avoir un impact r\u00e9el et d&rsquo;essayer un large \u00e9ventail de t\u00e2ches et d&rsquo;activit\u00e9s. Il va sans dire que vous avez un c\u0153ur vert et que vous aimeriez faire de ce monde un endroit plus vert en mettant en \u0153uvre les bonnes techniques de marketing. Vous aimez tout ce qui touche \u00e0 la durabilit\u00e9 et au marketing. <\/strong><\/p>\n<\/div>\n<p><\/div>\n<p><\/div>\n<p><\/div>\n\t\t\t\t\t\t\t\t<\/div>\n\t\t\t\t<\/div>\n\t\t\t\t<div class=\"elementor-element elementor-element-9d7e2d1 elementor-widget elementor-widget-heading\" data-id=\"9d7e2d1\" data-element_type=\"widget\" data-e-type=\"widget\" data-widget_type=\"heading.default\">\n\t\t\t\t<div class=\"elementor-widget-container\">\n\t\t\t\t\t<h2 class=\"elementor-heading-title elementor-size-default\">Qui cherchons-nous ?<\/h2>\t\t\t\t<\/div>\n\t\t\t\t<\/div>\n\t\t\t\t<div class=\"elementor-element elementor-element-b9a139b elementor-widget elementor-widget-text-editor\" data-id=\"b9a139b\" data-element_type=\"widget\" data-e-type=\"widget\" data-widget_type=\"text-editor.default\">\n\t\t\t\t<div class=\"elementor-widget-container\">\n\t\t\t\t\t\t\t\t\t<div class=\"elementor-element elementor-element-0f205eb elementor-widget elementor-widget-text-editor\" data-id=\"0f205eb\" data-element_type=\"widget\" data-e-type=\"widget\" data-widget_type=\"text-editor.default\">\n<div class=\"elementor-widget-container\">\n<div class=\"elementor-element elementor-element-03660b7 elementor-widget elementor-widget-text-editor\" data-id=\"03660b7\" data-element_type=\"widget\" data-e-type=\"widget\" data-widget_type=\"text-editor.default\">\n<div class=\"elementor-widget-container\">\n<div class=\"elementor-element elementor-element-03660b7 elementor-widget elementor-widget-text-editor\" data-id=\"03660b7\" data-element_type=\"widget\" data-e-type=\"widget\" data-widget_type=\"text-editor.default\">\n<div class=\"elementor-widget-container\">\n<ul>\n<li>Vous avez une certaine exp\u00e9rience d&rsquo;Adobe Creative Cloud (Lightroom, Illustrator, Indesign et Premiere Pro (d&rsquo;autres programmes sont un plus).<\/li>\n<li>Vous pouvez travailler avec le paquet Office 365.<\/li>\n<li>Vous souhaitez acqu\u00e9rir plus d&rsquo;exp\u00e9rience dans la cr\u00e9ation de contenu et de visuels, \u00e0 la fois derri\u00e8re votre bureau et sur le terrain (une exp\u00e9rience de vol en drone est un plus).<\/li>\n<li>Vous savez comment \u00e9diter des photos et des vid\u00e9os et vous \u00eates cr\u00e9atif dans votre approche (savoir travailler avec un appareil photo est un plus).<\/li>\n<li>Vous parlez couramment l&rsquo;anglais (et le n\u00e9erlandais). Le fran\u00e7ais est un plus. <\/li>\n<li>Vous \u00eates \u00e9galement un peu r\u00e9dacteur. La r\u00e9daction de propositions commerciales et d&rsquo;articles de blog est une activit\u00e9 qui vous passionne. <\/li>\n<li>Vous pouvez travailler de mani\u00e8re autonome et avez une mentalit\u00e9 \u00ab\u00a0can-do\u00a0\u00bb.<\/li>\n<li>Vous avez de l&rsquo;exp\u00e9rience (ou de l&rsquo;int\u00e9r\u00eat) pour les services Google tels que analytics, ads, tag manager,&#8230;<\/li>\n<li>Vous pouvez vous rendre \u00e0 Gand (pr\u00e8s de la gare Gent-Sint-Pieters) 2 \u00e0 3 fois par semaine.<\/li>\n<li>Vous pouvez utiliser de nouveaux outils (AI) pour am\u00e9liorer votre cr\u00e9ativit\u00e9.<\/li>\n<\/ul>\n<\/div>\n<\/div>\n<div class=\"elementor-element elementor-element-6d26c52 elementor-widget elementor-widget-text-editor\" data-id=\"6d26c52\" data-element_type=\"widget\" data-e-type=\"widget\" data-widget_type=\"text-editor.default\">\n<div class=\"elementor-widget-container\">\n<p>N&rsquo;oubliez pas que personne n&rsquo;est parfait, donc m\u00eame si vous ne poss\u00e9dez pas certaines des comp\u00e9tences indiqu\u00e9es, nous examinerons quand m\u00eame votre candidature.<\/p>\n<\/div>\n<\/div>\n<\/div>\n<\/div>\n<\/div>\n<\/div>\n\t\t\t\t\t\t\t\t<\/div>\n\t\t\t\t<\/div>\n\t\t\t\t<div class=\"elementor-element elementor-element-7504e06 elementor-widget elementor-widget-heading\" data-id=\"7504e06\" data-element_type=\"widget\" data-e-type=\"widget\" data-widget_type=\"heading.default\">\n\t\t\t\t<div class=\"elementor-widget-container\">\n\t\t\t\t\t<h2 class=\"elementor-heading-title elementor-size-default\">What are you getting in return?<\/h2>\t\t\t\t<\/div>\n\t\t\t\t<\/div>\n\t\t\t\t<div class=\"elementor-element elementor-element-6a3c552 elementor-widget elementor-widget-text-editor\" data-id=\"6a3c552\" data-element_type=\"widget\" data-e-type=\"widget\" data-widget_type=\"text-editor.default\">\n\t\t\t\t<div class=\"elementor-widget-container\">\n\t\t\t\t\t\t\t\t\t<div class=\"elementor-element elementor-element-0f205eb elementor-widget elementor-widget-text-editor\" data-id=\"0f205eb\" data-element_type=\"widget\" data-e-type=\"widget\" data-widget_type=\"text-editor.default\">\n<div class=\"elementor-widget-container\">\n<ul>\n<li>Vous participez activement \u00e0 la cr\u00e9ation d&rsquo;un monde plus vert<\/li>\n<li>Un large spectre de responsabilit\u00e9s et un encadrement direct par des coll\u00e8gues exp\u00e9riment\u00e9s<\/li>\n<li>L&rsquo;acquisition de nouvelles comp\u00e9tences et la possibilit\u00e9 d&rsquo;essayer beaucoup de choses nouvelles<\/li>\n<li>Des coll\u00e8gues formidables qui sont impatients de d\u00e9couvrir vos comp\u00e9tences et d&rsquo;\u00e9couter vos id\u00e9es<\/li>\n<li>Il s&rsquo;agit d&rsquo;un stage non r\u00e9mun\u00e9r\u00e9, mais les frais de voyage,&#8230; sont couverts par Go Forest.<\/li>\n<\/ul>\n<\/div>\n<\/div>\n\t\t\t\t\t\t\t\t<\/div>\n\t\t\t\t<\/div>\n\t\t\t\t<div class=\"elementor-element elementor-element-5033171 elementor-widget elementor-widget-heading\" data-id=\"5033171\" data-element_type=\"widget\" data-e-type=\"widget\" data-widget_type=\"heading.default\">\n\t\t\t\t<div class=\"elementor-widget-container\">\n\t\t\t\t\t<h2 class=\"elementor-heading-title elementor-size-default\">Plus d'infos<\/h2>\t\t\t\t<\/div>\n\t\t\t\t<\/div>\n\t\t\t\t<div class=\"elementor-element elementor-element-2380bc1 elementor-widget elementor-widget-text-editor\" data-id=\"2380bc1\" data-element_type=\"widget\" data-e-type=\"widget\" data-widget_type=\"text-editor.default\">\n\t\t\t\t<div class=\"elementor-widget-container\">\n\t\t\t\t\t\t\t\t\t<div class=\"elementor-element elementor-element-0f205eb elementor-widget elementor-widget-text-editor\" data-id=\"0f205eb\" data-element_type=\"widget\" data-e-type=\"widget\" data-widget_type=\"text-editor.default\">\n<div class=\"elementor-widget-container\">\n<div class=\"elementor-element elementor-element-661cb14 elementor-widget elementor-widget-text-editor\" data-id=\"661cb14\" data-element_type=\"widget\" data-e-type=\"widget\" data-widget_type=\"text-editor.default\">\n<div class=\"elementor-widget-container\">\n<ul>\n<li><strong>Date de d\u00e9but id\u00e9ale:<\/strong> Possibilit\u00e9s tout au long de l&rsquo;ann\u00e9e<\/li>\n<li><strong>Processus de recrutement:<\/strong> Apr\u00e8s avoir soumis votre candidature, vous aurez un appel vid\u00e9o de pr\u00e9sentation avec l&rsquo;\u00e9quipe. Si nous sommes un match, nous aimerions nous rencontrer en personne avant de conclure l&rsquo;affaire.<\/li>\n<li><strong>\u00c9galit\u00e9 des chances:<\/strong> Nous pensons que la force d&rsquo;un groupe vient de sa diversit\u00e9. Alors, peu importe qui vous \u00eates, d&rsquo;o\u00f9 vous venez, ce en quoi vous croyez ou quels sont vos r\u00eaves, nous vous souhaitons la bienvenue et attendons avec impatience de recevoir votre candidature. <\/li>\n<\/ul>\n<\/div>\n<\/div>\n<div class=\"elementor-element elementor-element-73fbb92 elementor-widget elementor-widget-text-editor\" data-id=\"73fbb92\" data-element_type=\"widget\" data-e-type=\"widget\" data-widget_type=\"text-editor.default\">\n<div class=\"elementor-widget-container\">\n<p>Nous sommes heureux d&rsquo;accueillir des stagiaires issus d&rsquo;un large \u00e9ventail de formations et nous travaillerons avec vous pour adapter votre stage aux besoins de votre formation.<\/p>\n<p><strong>Vous \u00eates int\u00e9ress\u00e9(e)?<\/strong> Envoyez votre CV et votre lettre de motivation \u00e0 <a href=\"mailto:jobs@goforest.be\">jobs@goforest.be<\/a> (des moyens plus cr\u00e9atifs sont \u00e9galement les bienvenus).<\/p>\n<p>Des questions ? Envoyez vos questions \u00e0<a href=\"mailto:jobs@goforest.be\"> jobs@goforest.be<\/a><\/p>\n<\/div>\n<\/div>\n<\/div>\n<\/div>\n\t\t\t\t\t\t\t\t<\/div>\n\t\t\t\t<\/div>\n\t\t\t\t<\/div>\n\t\t\t\t\t<\/div>\n\t\t\t\t<\/div>\n\t\t\t\t<\/div>\n\t\t","protected":false},"excerpt":{"rendered":"<p>Nous recherchons un stagiaire enthousiaste et pratique pour rejoindre notre \u00e9quipe (marketing). Comme nous sommes une petite \u00e9quipe de base (5) \u00e0 Gand avec d&rsquo;autres coll\u00e8gues r\u00e9partis dans le monde entier, vous aurez l&rsquo;occasion d&rsquo;avoir un impact r\u00e9el et d&rsquo;essayer un large \u00e9ventail de t\u00e2ches et d&rsquo;activit\u00e9s.<\/p>\n","protected":false},"author":2,"featured_media":1540,"parent":0,"menu_order":0,"comment_status":"closed","ping_status":"closed","template":"","meta":{"footnotes":""},"class_list":["post-1552","page","type-page","status-publish","has-post-thumbnail","hentry"],"_links":{"self":[{"href":"https:\/\/goforest.be\/fr\/wp-json\/wp\/v2\/pages\/1552","targetHints":{"allow":["GET"]}}],"collection":[{"href":"https:\/\/goforest.be\/fr\/wp-json\/wp\/v2\/pages"}],"about":[{"href":"https:\/\/goforest.be\/fr\/wp-json\/wp\/v2\/types\/page"}],"author":[{"embeddable":true,"href":"https:\/\/goforest.be\/fr\/wp-json\/wp\/v2\/users\/2"}],"replies":[{"embeddable":true,"href":"https:\/\/goforest.be\/fr\/wp-json\/wp\/v2\/comments?post=1552"}],"version-history":[{"count":0,"href":"https:\/\/goforest.be\/fr\/wp-json\/wp\/v2\/pages\/1552\/revisions"}],"wp:featuredmedia":[{"embeddable":true,"href":"https:\/\/goforest.be\/fr\/wp-json\/wp\/v2\/media\/1540"}],"wp:attachment":[{"href":"https:\/\/goforest.be\/fr\/wp-json\/wp\/v2\/media?parent=1552"}],"curies":[{"name":"wp","href":"https:\/\/api.w.org\/{rel}","templated":true}]}}