{"id":1554,"date":"2026-02-17T15:07:25","date_gmt":"2026-02-17T15:07:25","guid":{"rendered":"https:\/\/goforest.be\/business-intern-sales-and-operations-support\/"},"modified":"2026-04-02T12:57:20","modified_gmt":"2026-04-02T12:57:20","slug":"business-intern-sales-and-operations-support","status":"publish","type":"page","link":"https:\/\/goforest.be\/fr\/business-intern-sales-and-operations-support\/","title":{"rendered":"Stagiaire en affaires \u2013 Support des ventes et des op\u00e9rations"},"content":{"rendered":"\t\t<div data-elementor-type=\"wp-page\" data-elementor-id=\"1554\" class=\"elementor elementor-1554 elementor-1140\" data-elementor-post-type=\"page\">\n\t\t\t\t<div class=\"elementor-element elementor-element-6983cf9 e-flex e-con-boxed e-con e-parent\" data-id=\"6983cf9\" data-element_type=\"container\" data-e-type=\"container\">\n\t\t\t\t\t<div class=\"e-con-inner\">\n\t\t<div class=\"elementor-element elementor-element-4d279d8 e-con-full e-flex e-con e-child\" data-id=\"4d279d8\" data-element_type=\"container\" data-e-type=\"container\" data-settings=\"{&quot;background_background&quot;:&quot;gradient&quot;}\">\n\t\t\t\t<div class=\"elementor-element elementor-element-e9a5d0b elementor-widget elementor-widget-heading\" data-id=\"e9a5d0b\" data-element_type=\"widget\" data-e-type=\"widget\" data-widget_type=\"heading.default\">\n\t\t\t\t<div class=\"elementor-widget-container\">\n\t\t\t\t\t<h2 class=\"elementor-heading-title elementor-size-default\">Stagiaire en affaires \u2013 Support des ventes et des op\u00e9rations<\/h2>\t\t\t\t<\/div>\n\t\t\t\t<\/div>\n\t\t\t\t<\/div>\n\t\t\t\t\t<\/div>\n\t\t\t\t<\/div>\n\t\t<div class=\"elementor-element elementor-element-fa3d2bc e-flex e-con-boxed e-con e-parent\" data-id=\"fa3d2bc\" data-element_type=\"container\" data-e-type=\"container\">\n\t\t\t\t\t<div class=\"e-con-inner\">\n\t\t<div class=\"elementor-element elementor-element-9b5c300 e-con-full e-flex e-con e-child\" data-id=\"9b5c300\" data-element_type=\"container\" data-e-type=\"container\">\n\t\t\t\t<div class=\"elementor-element elementor-element-c8fc1e5 elementor-widget elementor-widget-text-editor\" data-id=\"c8fc1e5\" data-element_type=\"widget\" data-e-type=\"widget\" data-widget_type=\"text-editor.default\">\n\t\t\t\t<div class=\"elementor-widget-container\">\n\t\t\t\t\t\t\t\t\t<div class=\"elementor-element elementor-element-0f205eb elementor-widget elementor-widget-text-editor\" data-id=\"0f205eb\" data-element_type=\"widget\" data-e-type=\"widget\" data-widget_type=\"text-editor.default\">\n<div class=\"elementor-widget-container\">\n<p><strong>Nous recherchons un stagiaire enthousiaste et pratique pour rejoindre notre \u00e9quipe. Comme nous sommes une petite \u00e9quipe de base (5) \u00e0 Gand avec d&rsquo;autres coll\u00e8gues r\u00e9partis dans le monde entier, vous aurez l&rsquo;occasion d&rsquo;avoir un impact r\u00e9el et d&rsquo;essayer un large spectre de t\u00e2ches et d&rsquo;activit\u00e9s li\u00e9es aux op\u00e9rations et aux ventes au sein d&rsquo;une start-up dynamique. Il va sans dire que vous avez le c\u0153ur vert et que vous aimeriez faire de ce monde un endroit plus vert. En m\u00eame temps, vous avez l&rsquo;esprit d&rsquo;entreprise et vous jouerez un r\u00f4le crucial dans le soutien de nos op\u00e9rations et de nos activit\u00e9s de vente. <\/strong><\/p>\n<\/div>\n<p><\/div>\n\t\t\t\t\t\t\t\t<\/div>\n\t\t\t\t<\/div>\n\t\t\t\t<div class=\"elementor-element elementor-element-9d7e2d1 elementor-widget elementor-widget-heading\" data-id=\"9d7e2d1\" data-element_type=\"widget\" data-e-type=\"widget\" data-widget_type=\"heading.default\">\n\t\t\t\t<div class=\"elementor-widget-container\">\n\t\t\t\t\t<h2 class=\"elementor-heading-title elementor-size-default\">Qui cherchons-nous ?<\/h2>\t\t\t\t<\/div>\n\t\t\t\t<\/div>\n\t\t\t\t<div class=\"elementor-element elementor-element-b9a139b elementor-widget elementor-widget-text-editor\" data-id=\"b9a139b\" data-element_type=\"widget\" data-e-type=\"widget\" data-widget_type=\"text-editor.default\">\n\t\t\t\t<div class=\"elementor-widget-container\">\n\t\t\t\t\t\t\t\t\t<div class=\"elementor-element elementor-element-0f205eb elementor-widget elementor-widget-text-editor\" data-id=\"0f205eb\" data-element_type=\"widget\" data-e-type=\"widget\" data-widget_type=\"text-editor.default\">\n<div class=\"elementor-widget-container\">\n<div class=\"elementor-element elementor-element-03660b7 elementor-widget elementor-widget-text-editor\" data-id=\"03660b7\" data-element_type=\"widget\" data-e-type=\"widget\" data-widget_type=\"text-editor.default\">\n<div class=\"elementor-widget-container\">\n<ul>\n<li>Vous \u00eates un (bient\u00f4t) expert dans le package Office 365.<\/li>\n<li>Vous aimez les processus et vous \u00eates un grand organisateur (d&rsquo;\u00e9v\u00e9nements, de processus, de r\u00e9unions, d&rsquo;espaces, de dossiers en ligne, &#8230; ).<\/li>\n<li>Vous \u00eates enthousiaste \u00e0 l&rsquo;id\u00e9e de suivre les partenaires du projet et l&rsquo;avancement du projet \u00e0 des fins de communication et de r\u00e9ussite du client.<\/li>\n<li>Vous \u00eates curieux d&rsquo;en savoir plus sur la l\u00e9gislation \u00e0 venir en mati\u00e8re de carbone et de foresterie, sur les opportunit\u00e9s et les tendances du march\u00e9.<\/li>\n<li>Vous aimez tenir les choses \u00e0 jour &#8211; syst\u00e8mes, documents, partenaires et coll\u00e8gues.<\/li>\n<li>Outre l&rsquo;administration, le marketing et la communication sont vos points forts. Vous r\u00e9digerez du contenu et des propositions pour partager les connaissances que vous aurez acquises avec nos parties prenantes.<\/li>\n<li>Vous \u00eates sociable et aimez entrer en contact avec les clients, les partenaires et les coll\u00e8gues.<\/li>\n<li>Vous parlez couramment l&rsquo;anglais (et le n\u00e9erlandais). Le fran\u00e7ais est un plus. <\/li>\n<li>Vous pouvez travailler de mani\u00e8re autonome et avez une mentalit\u00e9 \u00ab\u00a0can-do\u00a0\u00bb.<\/li>\n<li>Vous pouvez vous rendre \u00e0 Gand (pr\u00e8s de la gare Gent-Sint-Pieters) 2 \u00e0 3 fois par semaine.<\/li>\n<li>Vous pouvez utiliser de nouveaux outils (AI) pour am\u00e9liorer votre cr\u00e9ativit\u00e9.<\/li>\n<\/ul>\n<\/div>\n<\/div>\n<div class=\"elementor-element elementor-element-6d26c52 elementor-widget elementor-widget-text-editor\" data-id=\"6d26c52\" data-element_type=\"widget\" data-e-type=\"widget\" data-widget_type=\"text-editor.default\">\n<div class=\"elementor-widget-container\">\n<p>N&rsquo;oubliez pas que personne n&rsquo;est parfait, donc m\u00eame si vous ne poss\u00e9dez pas certaines des comp\u00e9tences indiqu\u00e9es, nous examinerons quand m\u00eame votre candidature.<\/p>\n<\/div>\n<\/div>\n<\/div>\n<\/div>\n\t\t\t\t\t\t\t\t<\/div>\n\t\t\t\t<\/div>\n\t\t\t\t<div class=\"elementor-element elementor-element-7504e06 elementor-widget elementor-widget-heading\" data-id=\"7504e06\" data-element_type=\"widget\" data-e-type=\"widget\" data-widget_type=\"heading.default\">\n\t\t\t\t<div class=\"elementor-widget-container\">\n\t\t\t\t\t<h2 class=\"elementor-heading-title elementor-size-default\">Ce que vous recevrez en retour?<\/h2>\t\t\t\t<\/div>\n\t\t\t\t<\/div>\n\t\t\t\t<div class=\"elementor-element elementor-element-6a3c552 elementor-widget elementor-widget-text-editor\" data-id=\"6a3c552\" data-element_type=\"widget\" data-e-type=\"widget\" data-widget_type=\"text-editor.default\">\n\t\t\t\t<div class=\"elementor-widget-container\">\n\t\t\t\t\t\t\t\t\t<div class=\"elementor-element elementor-element-0f205eb elementor-widget elementor-widget-text-editor\" data-id=\"0f205eb\" data-element_type=\"widget\" data-e-type=\"widget\" data-widget_type=\"text-editor.default\">\n<div class=\"elementor-widget-container\">\n<ul>\n<li>Contribuer activement \u00e0 rendre le monde plus vert<\/li>\n<li>Un large spectre de responsabilit\u00e9s et un encadrement direct par des coll\u00e8gues exp\u00e9riment\u00e9s<\/li>\n<li>L&rsquo;acquisition de nouvelles comp\u00e9tences et la possibilit\u00e9 d&rsquo;essayer beaucoup de choses nouvelles<\/li>\n<li>Des coll\u00e8gues formidables<\/li>\n<li>Il s&rsquo;agit d&rsquo;un stage non r\u00e9mun\u00e9r\u00e9, mais les frais de d\u00e9placement,&#8230; sont pris en charge.<\/li>\n<\/ul>\n<\/div>\n<\/div>\n\t\t\t\t\t\t\t\t<\/div>\n\t\t\t\t<\/div>\n\t\t\t\t<div class=\"elementor-element elementor-element-5033171 elementor-widget elementor-widget-heading\" data-id=\"5033171\" data-element_type=\"widget\" data-e-type=\"widget\" data-widget_type=\"heading.default\">\n\t\t\t\t<div class=\"elementor-widget-container\">\n\t\t\t\t\t<h2 class=\"elementor-heading-title elementor-size-default\">Plus d'infos<\/h2>\t\t\t\t<\/div>\n\t\t\t\t<\/div>\n\t\t\t\t<div class=\"elementor-element elementor-element-2380bc1 elementor-widget elementor-widget-text-editor\" data-id=\"2380bc1\" data-element_type=\"widget\" data-e-type=\"widget\" data-widget_type=\"text-editor.default\">\n\t\t\t\t<div class=\"elementor-widget-container\">\n\t\t\t\t\t\t\t\t\t<div class=\"elementor-element elementor-element-0f205eb elementor-widget elementor-widget-text-editor\" data-id=\"0f205eb\" data-element_type=\"widget\" data-e-type=\"widget\" data-widget_type=\"text-editor.default\">\n<div class=\"elementor-widget-container\">\n<div class=\"elementor-element elementor-element-661cb14 elementor-widget elementor-widget-text-editor\" data-id=\"661cb14\" data-element_type=\"widget\" data-e-type=\"widget\" data-widget_type=\"text-editor.default\">\n<div class=\"elementor-widget-container\">\n<ul>\n<li><strong>Date de d\u00e9but id\u00e9ale:<\/strong> Possibilit\u00e9s tout au long de l&rsquo;ann\u00e9e<\/li>\n<li><strong>Processus de recrutement:<\/strong> Apr\u00e8s avoir soumis votre candidature, vous aurez un appel vid\u00e9o de pr\u00e9sentation avec l&rsquo;\u00e9quipe. Si nous sommes un match, nous aimerions nous rencontrer en personne avant de conclure l&rsquo;affaire.<\/li>\n<li><strong>\u00c9galit\u00e9 des chances:<\/strong> Nous pensons que la force d&rsquo;un groupe vient de sa diversit\u00e9. Alors, peu importe qui vous \u00eates, d&rsquo;o\u00f9 vous venez, ce en quoi vous croyez ou quels sont vos r\u00eaves, nous vous souhaitons la bienvenue et attendons avec impatience de recevoir votre candidature. <\/li>\n<\/ul>\n<\/div>\n<\/div>\n<div class=\"elementor-element elementor-element-73fbb92 elementor-widget elementor-widget-text-editor\" data-id=\"73fbb92\" data-element_type=\"widget\" data-e-type=\"widget\" data-widget_type=\"text-editor.default\">\n<div class=\"elementor-widget-container\">\n<p>Nous sommes heureux d&rsquo;accueillir des stagiaires issus d&rsquo;un large \u00e9ventail de formations et nous travaillerons avec vous pour adapter votre stage aux besoins de votre formation.<\/p>\n<p><strong>Vous \u00eates int\u00e9ress\u00e9(e)?<\/strong> Envoyez votre CV et votre lettre de motivation \u00e0 <a href=\"mailto:jobs@goforest.be\">jobs@goforest.be<\/a> (des moyens plus cr\u00e9atifs sont \u00e9galement les bienvenus).<\/p>\n<p>Des questions ? Envoyez vos questions \u00e0<a href=\"mailto:jobs@goforest.be\"> jobs@goforest.be<\/a><\/p>\n<\/div>\n<\/div>\n<\/div>\n<\/div>\n\t\t\t\t\t\t\t\t<\/div>\n\t\t\t\t<\/div>\n\t\t\t\t<\/div>\n\t\t\t\t\t<\/div>\n\t\t\t\t<\/div>\n\t\t\t\t<\/div>\n\t\t","protected":false},"excerpt":{"rendered":"<p>Nous recherchons un stagiaire enthousiaste et pratique pour rejoindre notre \u00e9quipe. Comme nous sommes une petite \u00e9quipe de base (5) \u00e0 Gand avec d&rsquo;autres coll\u00e8gues r\u00e9partis dans le monde entier, vous aurez l&rsquo;occasion d&rsquo;avoir un impact r\u00e9el et d&rsquo;essayer un large spectre de t\u00e2ches et d&rsquo;activit\u00e9s li\u00e9es aux op\u00e9rations et aux ventes au sein d&rsquo;une start-up dynamique.<\/p>\n","protected":false},"author":2,"featured_media":1548,"parent":0,"menu_order":0,"comment_status":"closed","ping_status":"closed","template":"","meta":{"footnotes":""},"class_list":["post-1554","page","type-page","status-publish","has-post-thumbnail","hentry"],"_links":{"self":[{"href":"https:\/\/goforest.be\/fr\/wp-json\/wp\/v2\/pages\/1554","targetHints":{"allow":["GET"]}}],"collection":[{"href":"https:\/\/goforest.be\/fr\/wp-json\/wp\/v2\/pages"}],"about":[{"href":"https:\/\/goforest.be\/fr\/wp-json\/wp\/v2\/types\/page"}],"author":[{"embeddable":true,"href":"https:\/\/goforest.be\/fr\/wp-json\/wp\/v2\/users\/2"}],"replies":[{"embeddable":true,"href":"https:\/\/goforest.be\/fr\/wp-json\/wp\/v2\/comments?post=1554"}],"version-history":[{"count":0,"href":"https:\/\/goforest.be\/fr\/wp-json\/wp\/v2\/pages\/1554\/revisions"}],"wp:featuredmedia":[{"embeddable":true,"href":"https:\/\/goforest.be\/fr\/wp-json\/wp\/v2\/media\/1548"}],"wp:attachment":[{"href":"https:\/\/goforest.be\/fr\/wp-json\/wp\/v2\/media?parent=1554"}],"curies":[{"name":"wp","href":"https:\/\/api.w.org\/{rel}","templated":true}]}}