{"id":2038,"date":"2026-02-04T12:39:34","date_gmt":"2026-02-04T12:39:34","guid":{"rendered":"https:\/\/goforest.be\/politique-de-confidentialite\/"},"modified":"2026-03-09T15:07:01","modified_gmt":"2026-03-09T15:07:01","slug":"politique-de-confidentialite","status":"publish","type":"page","link":"https:\/\/goforest.be\/fr\/politique-de-confidentialite\/","title":{"rendered":"Politique de confidentialit\u00e9"},"content":{"rendered":"\t\t<div data-elementor-type=\"wp-page\" data-elementor-id=\"2038\" class=\"elementor elementor-2038 elementor-452\" data-elementor-post-type=\"page\">\n\t\t\t\t<div class=\"elementor-element elementor-element-6983cf9 e-flex e-con-boxed e-con e-parent\" data-id=\"6983cf9\" data-element_type=\"container\" data-e-type=\"container\">\n\t\t\t\t\t<div class=\"e-con-inner\">\n\t\t<div class=\"elementor-element elementor-element-4d279d8 e-con-full e-flex e-con e-child\" data-id=\"4d279d8\" data-element_type=\"container\" data-e-type=\"container\" data-settings=\"{&quot;background_background&quot;:&quot;gradient&quot;}\">\n\t\t\t\t<div class=\"elementor-element elementor-element-e9a5d0b elementor-widget elementor-widget-heading\" data-id=\"e9a5d0b\" data-element_type=\"widget\" data-e-type=\"widget\" data-widget_type=\"heading.default\">\n\t\t\t\t<div class=\"elementor-widget-container\">\n\t\t\t\t\t<h2 class=\"elementor-heading-title elementor-size-default\">Politique de confidentialit\u00e9<\/h2>\t\t\t\t<\/div>\n\t\t\t\t<\/div>\n\t\t\t\t<div class=\"elementor-element elementor-element-9a1fd6a elementor-widget elementor-widget-text-editor\" data-id=\"9a1fd6a\" data-element_type=\"widget\" data-e-type=\"widget\" data-widget_type=\"text-editor.default\">\n\t\t\t\t<div class=\"elementor-widget-container\">\n\t\t\t\t\t\t\t\t\t<p class=\"elementor-heading-title elementor-size-default\">Informations personnelles.<\/p>\t\t\t\t\t\t\t\t<\/div>\n\t\t\t\t<\/div>\n\t\t\t\t<\/div>\n\t\t\t\t\t<\/div>\n\t\t\t\t<\/div>\n\t\t<div class=\"elementor-element elementor-element-fa3d2bc e-flex e-con-boxed e-con e-parent\" data-id=\"fa3d2bc\" data-element_type=\"container\" data-e-type=\"container\">\n\t\t\t\t\t<div class=\"e-con-inner\">\n\t\t<div class=\"elementor-element elementor-element-9b5c300 e-con-full e-flex e-con e-child\" data-id=\"9b5c300\" data-element_type=\"container\" data-e-type=\"container\">\n\t\t\t\t<div class=\"elementor-element elementor-element-f99da9e elementor-widget elementor-widget-text-editor\" data-id=\"f99da9e\" data-element_type=\"widget\" data-e-type=\"widget\" data-widget_type=\"text-editor.default\">\n\t\t\t\t<div class=\"elementor-widget-container\">\n\t\t\t\t\t\t\t\t\t<p>Cette politique de confidentialit\u00e9 d\u00e9crit comment vos informations personnelles sont collect\u00e9es, utilis\u00e9es et partag\u00e9es lorsque vous visitez ou effectuez un achat sur <strong data-start=\"672\" data-end=\"691\"><a class=\"decorated-link\" href=\"http:\/\/www.goforest.be\" target=\"_new\" rel=\"noopener\" data-start=\"674\" data-end=\"689\">www.goforest.be<\/a><\/strong> (le \u00ab Site \u00bb).<\/p>\t\t\t\t\t\t\t\t<\/div>\n\t\t\t\t<\/div>\n\t\t\t\t<div class=\"elementor-element elementor-element-a211567 elementor-widget elementor-widget-heading\" data-id=\"a211567\" data-element_type=\"widget\" data-e-type=\"widget\" data-widget_type=\"heading.default\">\n\t\t\t\t<div class=\"elementor-widget-container\">\n\t\t\t\t\t<h2 class=\"elementor-heading-title elementor-size-default\">1. Informations personnelles que nous collectons<\/h2>\t\t\t\t<\/div>\n\t\t\t\t<\/div>\n\t\t\t\t<div class=\"elementor-element elementor-element-23f3a88 elementor-widget elementor-widget-heading\" data-id=\"23f3a88\" data-element_type=\"widget\" data-e-type=\"widget\" data-widget_type=\"heading.default\">\n\t\t\t\t<div class=\"elementor-widget-container\">\n\t\t\t\t\t<h3 class=\"elementor-heading-title elementor-size-default\">A. Informations collect\u00e9es automatiquement (\u00ab Informations sur l\u2019appareil \u00bb)<\/h3>\t\t\t\t<\/div>\n\t\t\t\t<\/div>\n\t\t\t\t<div class=\"elementor-element elementor-element-c8fc1e5 elementor-widget elementor-widget-text-editor\" data-id=\"c8fc1e5\" data-element_type=\"widget\" data-e-type=\"widget\" data-widget_type=\"text-editor.default\">\n\t\t\t\t<div class=\"elementor-widget-container\">\n\t\t\t\t\t\t\t\t\t<p data-start=\"818\" data-end=\"917\">Lorsque vous visitez le site, nous collectons automatiquement certaines informations concernant votre appareil, notamment :<\/p>\n<ul>\n<li data-start=\"921\" data-end=\"932\">Navigateur web<\/li>\n<li data-start=\"921\" data-end=\"932\">Adresse IP<\/li>\n<li data-start=\"921\" data-end=\"932\">Fuseau horaire<\/li>\n<li data-start=\"921\" data-end=\"932\">Cookies install\u00e9s sur votre appareil<\/li>\n<li data-start=\"921\" data-end=\"932\">Pages consult\u00e9es<\/li>\n<li data-start=\"921\" data-end=\"932\">Sites r\u00e9f\u00e9rents ou termes de recherche utilis\u00e9s pour acc\u00e9der au site<\/li>\n<li data-start=\"921\" data-end=\"932\">Donn\u00e9es d\u2019interaction<\/li>\n<\/ul>\n<p data-start=\"1065\" data-end=\"1099\">Nous collectons ces informations \u00e0 l&rsquo;aide de :<\/p>\n<ul>\n<li data-start=\"1103\" data-end=\"1114\"><strong data-start=\"1103\" data-end=\"1114\">Cookies<\/strong><\/li>\n<li data-start=\"1103\" data-end=\"1114\"><strong data-start=\"1117\" data-end=\"1130\">Fichiers journaux<\/strong><\/li>\n<li data-start=\"1103\" data-end=\"1114\"><strong data-start=\"1133\" data-end=\"1165\">Balises Web, tags et pixels<\/strong><\/li>\n<li data-start=\"1103\" data-end=\"1114\"><strong data-start=\"1168\" data-end=\"1188\">Google Analytics<\/strong><\/li>\n<\/ul>\n<p data-start=\"1190\" data-end=\"1287\">Pour plus d&rsquo;informations sur les cookies et la mani\u00e8re de les d\u00e9sactiver, consultez : <a class=\"decorated-link\" href=\"http:\/\/www.allaboutcookies.org\" target=\"_new\" rel=\"noopener\" data-start=\"1257\" data-end=\"1287\">http:\/\/www.allaboutcookies.org<\/a><\/p>\n<p data-start=\"1289\" data-end=\"1372\">Vous pouvez vous d\u00e9sinscrire de Google Analytics ici : <a class=\"decorated-link\" href=\"https:\/\/tools.google.com\/dlpage\/gaoptout\" target=\"_new\" rel=\"noopener\" data-start=\"1331\" data-end=\"1371\">https:\/\/tools.google.com\/dlpage\/gaoptout<\/a>.<\/p>\t\t\t\t\t\t\t\t<\/div>\n\t\t\t\t<\/div>\n\t\t\t\t<div class=\"elementor-element elementor-element-b2c8423 elementor-widget elementor-widget-heading\" data-id=\"b2c8423\" data-element_type=\"widget\" data-e-type=\"widget\" data-widget_type=\"heading.default\">\n\t\t\t\t<div class=\"elementor-widget-container\">\n\t\t\t\t\t<h3 class=\"elementor-heading-title elementor-size-default\">B. Informations que vous fournissez via les formulaires (\u00ab Informations de commande \u00bb)<\/h3>\t\t\t\t<\/div>\n\t\t\t\t<\/div>\n\t\t\t\t<div class=\"elementor-element elementor-element-2977b05 elementor-widget elementor-widget-text-editor\" data-id=\"2977b05\" data-element_type=\"widget\" data-e-type=\"widget\" data-widget_type=\"text-editor.default\">\n\t\t\t\t<div class=\"elementor-widget-container\">\n\t\t\t\t\t\t\t\t\t<p data-start=\"1443\" data-end=\"1561\">Lorsque vous soumettez un formulaire ou effectuez un achat sur notre site (via JetFormBuilder), nous collectons les informations suivantes :<\/p><ul><li data-start=\"1565\" data-end=\"1586\">Pr\u00e9nom et nom<\/li><li data-start=\"1565\" data-end=\"1586\">Adresse e-mail<\/li><li data-start=\"1565\" data-end=\"1586\">Adresse e-mail pour les factures<\/li><li data-start=\"1565\" data-end=\"1586\">Num\u00e9ro de t\u00e9l\u00e9phone<\/li><li data-start=\"1565\" data-end=\"1586\">Nom de l\u2019entreprise (le cas \u00e9ch\u00e9ant)<\/li><li data-start=\"1565\" data-end=\"1586\">Num\u00e9ro de TVA (le cas \u00e9ch\u00e9ant)<\/li><li data-start=\"1565\" data-end=\"1586\">Adresse de facturation<\/li><li data-start=\"1565\" data-end=\"1586\">Lieu de plantation s\u00e9lectionn\u00e9<\/li><li data-start=\"1565\" data-end=\"1586\">Logo de l\u2019entreprise (si t\u00e9l\u00e9charg\u00e9)<\/li><\/ul><p data-start=\"1800\" data-end=\"1922\"> <\/p><p data-start=\"1800\" data-end=\"1922\">Lorsque nous faisons r\u00e9f\u00e9rence aux \u00ab Informations personnelles \u00bb dans cette politique de confidentialit\u00e9, nous d\u00e9signons \u00e0 la fois les Informations sur l&rsquo;appareil et les Informations de commande.<\/p>\t\t\t\t\t\t\t\t<\/div>\n\t\t\t\t<\/div>\n\t\t\t\t<div class=\"elementor-element elementor-element-4a18997 elementor-widget elementor-widget-heading\" data-id=\"4a18997\" data-element_type=\"widget\" data-e-type=\"widget\" data-widget_type=\"heading.default\">\n\t\t\t\t<div class=\"elementor-widget-container\">\n\t\t\t\t\t<h2 class=\"elementor-heading-title elementor-size-default\">2. Traitement des paiements<\/h2>\t\t\t\t<\/div>\n\t\t\t\t<\/div>\n\t\t\t\t<div class=\"elementor-element elementor-element-f5d03e3 elementor-widget elementor-widget-text-editor\" data-id=\"f5d03e3\" data-element_type=\"widget\" data-e-type=\"widget\" data-widget_type=\"text-editor.default\">\n\t\t\t\t<div class=\"elementor-widget-container\">\n\t\t\t\t\t\t\t\t\t<p data-start=\"1955\" data-end=\"2049\">Les paiements sur notre site sont trait\u00e9s de mani\u00e8re s\u00e9curis\u00e9e via <strong data-start=\"2003\" data-end=\"2013\">Stripe<\/strong>, notre prestataire de paiement tiers.<\/p><p data-start=\"2051\" data-end=\"2253\">Nous utilisons l&rsquo;int\u00e9gration Stripe Payments Gateway au sein de JetFormBuilder. Les d\u00e9tails de paiement (tels que les informations de carte de cr\u00e9dit ou de d\u00e9bit) sont trait\u00e9s directement par Stripe et <strong data-start=\"2221\" data-end=\"2252\">ne sont jamais stock\u00e9s sur nos serveurs<\/strong>. <\/p><p data-start=\"2255\" data-end=\"2373\">Stripe peut collecter et traiter vos donn\u00e9es de paiement conform\u00e9ment \u00e0 sa propre politique de confidentialit\u00e9 :<br><a class=\"decorated-link\" href=\"https:\/\/stripe.com\/privacy\" target=\"_new\" rel=\"noopener\" data-start=\"2347\" data-end=\"2373\">https:\/\/stripe.com\/privacy<\/a><\/p><p data-start=\"2375\" data-end=\"2487\">Go Forest re\u00e7oit uniquement la confirmation du paiement et les d\u00e9tails limit\u00e9s de la transaction n\u00e9cessaires pour traiter votre commande.<\/p>\t\t\t\t\t\t\t\t<\/div>\n\t\t\t\t<\/div>\n\t\t\t\t<div class=\"elementor-element elementor-element-8fde481 elementor-widget elementor-widget-heading\" data-id=\"8fde481\" data-element_type=\"widget\" data-e-type=\"widget\" data-widget_type=\"heading.default\">\n\t\t\t\t<div class=\"elementor-widget-container\">\n\t\t\t\t\t<h2 class=\"elementor-heading-title elementor-size-default\">3. Comment nous utilisons vos informations personnelles<\/h2>\t\t\t\t<\/div>\n\t\t\t\t<\/div>\n\t\t\t\t<div class=\"elementor-element elementor-element-51fee08 elementor-widget elementor-widget-text-editor\" data-id=\"51fee08\" data-element_type=\"widget\" data-e-type=\"widget\" data-widget_type=\"text-editor.default\">\n\t\t\t\t<div class=\"elementor-widget-container\">\n\t\t\t\t\t\t\t\t\t<p data-start=\"2538\" data-end=\"2574\">Nous utilisons vos informations personnelles pour :<\/p><ul><li data-start=\"2578\" data-end=\"2594\">Traiter les paiements<\/li><li data-start=\"2578\" data-end=\"2594\">Ex\u00e9cuter les commandes et les services<\/li><li data-start=\"2578\" data-end=\"2594\">Envoyer les factures et confirmations de commande<\/li><li data-start=\"2578\" data-end=\"2594\">G\u00e9n\u00e9rer des certificats<\/li><li data-start=\"2578\" data-end=\"2594\">Communiquer avec vous<\/li><li data-start=\"2578\" data-end=\"2594\">V\u00e9rifier les transactions pour d\u00e9tecter les fraudes ou les risques<\/li><li data-start=\"2578\" data-end=\"2594\">Respecter les obligations l\u00e9gales<\/li><li data-start=\"2578\" data-end=\"2594\">Envoyer des communications marketing (uniquement si vous avez donn\u00e9 votre accord)<\/li><\/ul><p data-start=\"2845\" data-end=\"2875\"> <\/p><p data-start=\"2845\" data-end=\"2875\">Les Informations sur l&rsquo;appareil sont utilis\u00e9es pour :<\/p><ul><li data-start=\"2879\" data-end=\"2911\">Am\u00e9liorer et optimiser notre site web<\/li><li data-start=\"2879\" data-end=\"2911\">Analyser le comportement des utilisateurs<\/li><li data-start=\"2879\" data-end=\"2911\">Mesurer les performances marketing<\/li><li data-start=\"2879\" data-end=\"2911\">Am\u00e9liorer l&rsquo;exp\u00e9rience utilisateur<\/li><\/ul>\t\t\t\t\t\t\t\t<\/div>\n\t\t\t\t<\/div>\n\t\t\t\t<div class=\"elementor-element elementor-element-f2ec76f elementor-widget elementor-widget-heading\" data-id=\"f2ec76f\" data-element_type=\"widget\" data-e-type=\"widget\" data-widget_type=\"heading.default\">\n\t\t\t\t<div class=\"elementor-widget-container\">\n\t\t\t\t\t<h2 class=\"elementor-heading-title elementor-size-default\">4. Partage de vos informations personnelles<\/h2>\t\t\t\t<\/div>\n\t\t\t\t<\/div>\n\t\t\t\t<div class=\"elementor-element elementor-element-2078e89 elementor-widget elementor-widget-text-editor\" data-id=\"2078e89\" data-element_type=\"widget\" data-e-type=\"widget\" data-widget_type=\"text-editor.default\">\n\t\t\t\t<div class=\"elementor-widget-container\">\n\t\t\t\t\t\t\t\t\t<p data-start=\"3041\" data-end=\"3123\">Nous partageons vos informations personnelles avec des tiers de confiance uniquement lorsque cela est n\u00e9cessaire :<\/p><ul><li data-start=\"3127\" data-end=\"3164\"><strong data-start=\"3127\" data-end=\"3137\">Stripe<\/strong> \u2013 pour le traitement des paiements<\/li><li data-start=\"3127\" data-end=\"3164\"><strong data-start=\"3167\" data-end=\"3180\">Mailchimp<\/strong> \u2013 pour les communications par e-mail et les newsletters<\/li><li data-start=\"3127\" data-end=\"3164\"><strong data-start=\"3228\" data-end=\"3249\">Make (Integromat)<\/strong> \u2013 pour les flux d&rsquo;automatisation (commandes individuelles uniquement)<\/li><li data-start=\"3127\" data-end=\"3164\"><strong data-start=\"3306\" data-end=\"3316\">Zapier<\/strong> \u2013 pour le traitement des donn\u00e9es du chatbot<\/li><li data-start=\"3127\" data-end=\"3164\"><strong data-start=\"3351\" data-end=\"3371\">Google Analytics<\/strong> \u2013 pour l&rsquo;analyse du site web<\/li><\/ul><p data-start=\"3399\" data-end=\"3478\">Nous pouvons \u00e9galement partager des informations lorsque la loi, une assignation ou une demande l\u00e9gale l\u2019exige.<\/p><p data-start=\"3480\" data-end=\"3514\">Nous ne vendons pas vos informations personnelles.<\/p>\t\t\t\t\t\t\t\t<\/div>\n\t\t\t\t<\/div>\n\t\t\t\t<div class=\"elementor-element elementor-element-8aeb392 elementor-widget elementor-widget-heading\" data-id=\"8aeb392\" data-element_type=\"widget\" data-e-type=\"widget\" data-widget_type=\"heading.default\">\n\t\t\t\t<div class=\"elementor-widget-container\">\n\t\t\t\t\t<h2 class=\"elementor-heading-title elementor-size-default\">5. Chatbot<\/h2>\t\t\t\t<\/div>\n\t\t\t\t<\/div>\n\t\t\t\t<div class=\"elementor-element elementor-element-51d103d elementor-widget elementor-widget-text-editor\" data-id=\"51d103d\" data-element_type=\"widget\" data-e-type=\"widget\" data-widget_type=\"text-editor.default\">\n\t\t\t\t<div class=\"elementor-widget-container\">\n\t\t\t\t\t\t\t\t\t<p data-start=\"3536\" data-end=\"3637\">Nous utilisons un chatbot aliment\u00e9 par ChatGPT et connect\u00e9 via Zapier pour fournir de l\u2019assistance et r\u00e9pondre aux questions.<\/p><ul><li data-start=\"3641\" data-end=\"3695\">Les interactions avec le chatbot sont con\u00e7ues pour rester anonymes.<\/li><li data-start=\"3641\" data-end=\"3695\">Les utilisateurs sont pri\u00e9s de ne pas fournir d&rsquo;informations personnelles ou sensibles.<\/li><li data-start=\"3641\" data-end=\"3695\">Les donn\u00e9es de conversation sont stock\u00e9es temporairement dans Zapier pour le suivi des performances.<\/li><li data-start=\"3641\" data-end=\"3695\">Les donn\u00e9es sont automatiquement supprim\u00e9es apr\u00e8s <strong data-start=\"3887\" data-end=\"3898\">30 jours<\/strong>.<\/li><\/ul><p data-start=\"3901\" data-end=\"3969\"> <\/p><p data-start=\"3901\" data-end=\"3969\">Aucune donn\u00e9e personnelle n&rsquo;est utilis\u00e9e \u00e0 des fins de profilage ou de marketing via le chatbot.<\/p>\t\t\t\t\t\t\t\t<\/div>\n\t\t\t\t<\/div>\n\t\t\t\t<div class=\"elementor-element elementor-element-27e1bc6 elementor-widget elementor-widget-heading\" data-id=\"27e1bc6\" data-element_type=\"widget\" data-e-type=\"widget\" data-widget_type=\"heading.default\">\n\t\t\t\t<div class=\"elementor-widget-container\">\n\t\t\t\t\t<h2 class=\"elementor-heading-title elementor-size-default\">6. R\u00e9tention des donn\u00e9es<\/h2>\t\t\t\t<\/div>\n\t\t\t\t<\/div>\n\t\t\t\t<div class=\"elementor-element elementor-element-d0d2d02 elementor-widget elementor-widget-text-editor\" data-id=\"d0d2d02\" data-element_type=\"widget\" data-e-type=\"widget\" data-widget_type=\"text-editor.default\">\n\t\t\t\t<div class=\"elementor-widget-container\">\n\t\t\t\t\t\t\t\t\t<p data-start=\"3998\" data-end=\"4081\">Nous ne conservons les donn\u00e9es personnelles qu\u2019aussi longtemps que n\u00e9cessaire aux fins d\u00e9crites ci-dessus.<\/p><p data-start=\"4083\" data-end=\"4096\">Plus pr\u00e9cis\u00e9ment :<br><\/p><ul><li data-start=\"4100\" data-end=\"4198\"><strong data-start=\"4100\" data-end=\"4126\">Donn\u00e9es de commande et de facturation<\/strong> : conserv\u00e9es pendant 7 ans (pour se conformer aux lois comptables et fiscales belges).<\/li><li data-start=\"4100\" data-end=\"4198\"><strong data-start=\"4201\" data-end=\"4235\">Donn\u00e9es de compte client et des formulaires<\/strong> : conserv\u00e9es jusqu&rsquo;\u00e0 5 ans apr\u00e8s la derni\u00e8re interaction.<\/li><li data-start=\"4100\" data-end=\"4198\"><strong data-start=\"4294\" data-end=\"4312\">Donn\u00e9es marketing<\/strong> : conserv\u00e9es jusqu&rsquo;\u00e0 votre d\u00e9sabonnement.<\/li><li data-start=\"4100\" data-end=\"4198\"><strong data-start=\"4348\" data-end=\"4364\">Donn\u00e9es du chatbot<\/strong> : conserv\u00e9es pendant 30 jours.<\/li><li data-start=\"4100\" data-end=\"4198\"><strong data-start=\"4390\" data-end=\"4408\">Donn\u00e9es analytiques<\/strong> : conserv\u00e9es selon les param\u00e8tres de Google Analytics.<\/li><\/ul><p data-start=\"4460\" data-end=\"4564\"> <\/p><p data-start=\"4460\" data-end=\"4564\">Vous pouvez demander la suppression de vos donn\u00e9es personnelles \u00e0 tout moment, \u00e0 moins que nous ne soyons l\u00e9galement tenus de les conserver.<\/p>\t\t\t\t\t\t\t\t<\/div>\n\t\t\t\t<\/div>\n\t\t\t\t<div class=\"elementor-element elementor-element-0b09fb2 elementor-widget elementor-widget-heading\" data-id=\"0b09fb2\" data-element_type=\"widget\" data-e-type=\"widget\" data-widget_type=\"heading.default\">\n\t\t\t\t<div class=\"elementor-widget-container\">\n\t\t\t\t\t<h2 class=\"elementor-heading-title elementor-size-default\">7. Vos droits (RGPD)<\/h2>\t\t\t\t<\/div>\n\t\t\t\t<\/div>\n\t\t\t\t<div class=\"elementor-element elementor-element-4a68982 elementor-widget elementor-widget-text-editor\" data-id=\"4a68982\" data-element_type=\"widget\" data-e-type=\"widget\" data-widget_type=\"text-editor.default\">\n\t\t\t\t<div class=\"elementor-widget-container\">\n\t\t\t\t\t\t\t\t\t<p data-start=\"4597\" data-end=\"4678\">Si vous r\u00e9sidez dans l&rsquo;Espace \u00e9conomique europ\u00e9en (EEE), vous avez le droit de :<\/p><ul><li data-start=\"4682\" data-end=\"4707\">Acc\u00e9der \u00e0 vos donn\u00e9es personnelles<\/li><li data-start=\"4682\" data-end=\"4707\">Corriger des donn\u00e9es inexactes<\/li><li data-start=\"4682\" data-end=\"4707\">Demander la suppression<\/li><li data-start=\"4682\" data-end=\"4707\">Restreindre le traitement<\/li><li data-start=\"4682\" data-end=\"4707\">Vous opposer au traitement<\/li><li data-start=\"4682\" data-end=\"4707\">Demander la portabilit\u00e9 des donn\u00e9es<\/li><li data-start=\"4682\" data-end=\"4707\">Retirer votre consentement \u00e0 tout moment<br><\/li><\/ul><p data-start=\"4857\" data-end=\"4926\"><br>Pour exercer vos droits, veuillez nous contacter \u00e0 : <strong data-start=\"4906\" data-end=\"4926\"><a class=\"decorated-link cursor-pointer\" rel=\"noopener\" data-start=\"4908\" data-end=\"4924\">info@goforest.be<\/a><\/strong><\/p>\t\t\t\t\t\t\t\t<\/div>\n\t\t\t\t<\/div>\n\t\t\t\t<div class=\"elementor-element elementor-element-18a27c5 elementor-widget elementor-widget-heading\" data-id=\"18a27c5\" data-element_type=\"widget\" data-e-type=\"widget\" data-widget_type=\"heading.default\">\n\t\t\t\t<div class=\"elementor-widget-container\">\n\t\t\t\t\t<h2 class=\"elementor-heading-title elementor-size-default\">8. Transferts internationaux de donn\u00e9es<\/h2>\t\t\t\t<\/div>\n\t\t\t\t<\/div>\n\t\t\t\t<div class=\"elementor-element elementor-element-429c27c elementor-widget elementor-widget-text-editor\" data-id=\"429c27c\" data-element_type=\"widget\" data-e-type=\"widget\" data-widget_type=\"text-editor.default\">\n\t\t\t\t<div class=\"elementor-widget-container\">\n\t\t\t\t\t\t\t\t\t<p data-start=\"4969\" data-end=\"5085\">Certains de nos prestataires de services (par ex. Stripe, Mailchimp, Zapier, Google) peuvent traiter des donn\u00e9es en dehors de l&rsquo;Union europ\u00e9enne.<\/p><p data-start=\"5087\" data-end=\"5196\">Le cas \u00e9ch\u00e9ant, nous veillons \u00e0 ce que des garanties appropri\u00e9es soient en place, telles que des Clauses contractuelles types (CCT).<\/p>\t\t\t\t\t\t\t\t<\/div>\n\t\t\t\t<\/div>\n\t\t\t\t<div class=\"elementor-element elementor-element-4dce193 elementor-widget elementor-widget-heading\" data-id=\"4dce193\" data-element_type=\"widget\" data-e-type=\"widget\" data-widget_type=\"heading.default\">\n\t\t\t\t<div class=\"elementor-widget-container\">\n\t\t\t\t\t<h2 class=\"elementor-heading-title elementor-size-default\">9. Cookies<\/h2>\t\t\t\t<\/div>\n\t\t\t\t<\/div>\n\t\t\t\t<div class=\"elementor-element elementor-element-edaef1d elementor-widget elementor-widget-text-editor\" data-id=\"edaef1d\" data-element_type=\"widget\" data-e-type=\"widget\" data-widget_type=\"text-editor.default\">\n\t\t\t\t<div class=\"elementor-widget-container\">\n\t\t\t\t\t\t\t\t\t<p data-start=\"5218\" data-end=\"5262\">Nous utilisons des cookies et des technologies similaires pour :<\/p><ul><li data-start=\"5266\" data-end=\"5297\">Le fonctionnement essentiel du site web<\/li><li data-start=\"5266\" data-end=\"5297\">L\u2019analyse<\/li><li data-start=\"5266\" data-end=\"5297\">Le suivi des performances<\/li><\/ul><p data-start=\"5336\" data-end=\"5409\"><br>Vous pouvez g\u00e9rer vos pr\u00e9f\u00e9rences en mati\u00e8re de cookies via notre banni\u00e8re de consentement aux cookies.<\/p>\t\t\t\t\t\t\t\t<\/div>\n\t\t\t\t<\/div>\n\t\t\t\t<div class=\"elementor-element elementor-element-a8b218a elementor-widget elementor-widget-heading\" data-id=\"a8b218a\" data-element_type=\"widget\" data-e-type=\"widget\" data-widget_type=\"heading.default\">\n\t\t\t\t<div class=\"elementor-widget-container\">\n\t\t\t\t\t<h2 class=\"elementor-heading-title elementor-size-default\">Modifications<\/h2>\t\t\t\t<\/div>\n\t\t\t\t<\/div>\n\t\t\t\t<div class=\"elementor-element elementor-element-7c0fdb5 elementor-widget elementor-widget-text-editor\" data-id=\"7c0fdb5\" data-element_type=\"widget\" data-e-type=\"widget\" data-widget_type=\"text-editor.default\">\n\t\t\t\t<div class=\"elementor-widget-container\">\n\t\t\t\t\t\t\t\t\t<p data-start=\"5432\" data-end=\"5519\">Nous pouvons mettre \u00e0 jour cette politique de confidentialit\u00e9 afin de refl\u00e9ter des changements op\u00e9rationnels, juridiques ou r\u00e9glementaires.<\/p>\t\t\t\t\t\t\t\t<\/div>\n\t\t\t\t<\/div>\n\t\t\t\t<div class=\"elementor-element elementor-element-86022c6 elementor-widget elementor-widget-heading\" data-id=\"86022c6\" data-element_type=\"widget\" data-e-type=\"widget\" data-widget_type=\"heading.default\">\n\t\t\t\t<div class=\"elementor-widget-container\">\n\t\t\t\t\t<h2 class=\"elementor-heading-title elementor-size-default\">Contactez-nous<\/h2>\t\t\t\t<\/div>\n\t\t\t\t<\/div>\n\t\t\t\t<div class=\"elementor-element elementor-element-3db6202 elementor-widget elementor-widget-text-editor\" data-id=\"3db6202\" data-element_type=\"widget\" data-e-type=\"widget\" data-widget_type=\"text-editor.default\">\n\t\t\t\t<div class=\"elementor-widget-container\">\n\t\t\t\t\t\t\t\t\t<p>Pour plus d\u2019informations sur nos pratiques en mati\u00e8re de confidentialit\u00e9, si vous avez des questions ou si vous souhaitez d\u00e9poser une plainte, veuillez nous contacter par e-mail \u00e0 <a href=\"mailto:info@goforest.be\">info@goforest.be<\/a> ou par courrier postal aux coordonn\u00e9es fournies ci-dessous : Koningin Astridlaan 178A, 9000 Gand.<\/p>\t\t\t\t\t\t\t\t<\/div>\n\t\t\t\t<\/div>\n\t\t\t\t<\/div>\n\t\t\t\t\t<\/div>\n\t\t\t\t<\/div>\n\t\t\t\t<\/div>\n\t\t","protected":false},"excerpt":{"rendered":"<p>Politique de confidentialit\u00e9 Informations personnelles. Cette politique de confidentialit\u00e9 d\u00e9crit comment vos informations personnelles sont collect\u00e9es, utilis\u00e9es et partag\u00e9es lorsque vous visitez ou effectuez un achat sur www.goforest.be (le \u00ab Site \u00bb). 1. Informations personnelles que nous collectons A. Informations collect\u00e9es automatiquement (\u00ab Informations sur l\u2019appareil \u00bb) Lorsque vous visitez le site, nous collectons automatiquement [&hellip;]<\/p>\n","protected":false},"author":2,"featured_media":0,"parent":0,"menu_order":0,"comment_status":"closed","ping_status":"closed","template":"","meta":{"footnotes":""},"class_list":["post-2038","page","type-page","status-publish","hentry"],"_links":{"self":[{"href":"https:\/\/goforest.be\/fr\/wp-json\/wp\/v2\/pages\/2038","targetHints":{"allow":["GET"]}}],"collection":[{"href":"https:\/\/goforest.be\/fr\/wp-json\/wp\/v2\/pages"}],"about":[{"href":"https:\/\/goforest.be\/fr\/wp-json\/wp\/v2\/types\/page"}],"author":[{"embeddable":true,"href":"https:\/\/goforest.be\/fr\/wp-json\/wp\/v2\/users\/2"}],"replies":[{"embeddable":true,"href":"https:\/\/goforest.be\/fr\/wp-json\/wp\/v2\/comments?post=2038"}],"version-history":[{"count":0,"href":"https:\/\/goforest.be\/fr\/wp-json\/wp\/v2\/pages\/2038\/revisions"}],"wp:attachment":[{"href":"https:\/\/goforest.be\/fr\/wp-json\/wp\/v2\/media?parent=2038"}],"curies":[{"name":"wp","href":"https:\/\/api.w.org\/{rel}","templated":true}]}}