{"id":3445,"date":"2026-02-10T12:33:12","date_gmt":"2026-02-10T12:33:12","guid":{"rendered":"https:\/\/goforest.be\/credibili-tree-tool\/"},"modified":"2026-04-02T12:54:07","modified_gmt":"2026-04-02T12:54:07","slug":"credibili-tree-tool","status":"publish","type":"page","link":"https:\/\/goforest.be\/nl\/credibili-tree-tool\/","title":{"rendered":"Credibili-tree tool"},"content":{"rendered":"\t\t<div data-elementor-type=\"wp-page\" data-elementor-id=\"3445\" class=\"elementor elementor-3445 elementor-858\" data-elementor-post-type=\"page\">\n\t\t\t\t<div class=\"elementor-element elementor-element-6983cf9 e-flex e-con-boxed e-con e-parent\" data-id=\"6983cf9\" data-element_type=\"container\" data-e-type=\"container\">\n\t\t\t\t\t<div class=\"e-con-inner\">\n\t\t<div class=\"elementor-element elementor-element-4d279d8 e-con-full e-flex e-con e-child\" data-id=\"4d279d8\" data-element_type=\"container\" data-e-type=\"container\" data-settings=\"{&quot;background_background&quot;:&quot;classic&quot;}\">\n\t\t\t\t<div class=\"elementor-element elementor-element-e9a5d0b elementor-widget elementor-widget-heading\" data-id=\"e9a5d0b\" data-element_type=\"widget\" data-e-type=\"widget\" data-widget_type=\"heading.default\">\n\t\t\t\t<div class=\"elementor-widget-container\">\n\t\t\t\t\t<h2 class=\"elementor-heading-title elementor-size-default\">Credibili-tree tool<\/h2>\t\t\t\t<\/div>\n\t\t\t\t<\/div>\n\t\t\t\t<div class=\"elementor-element elementor-element-9a1fd6a elementor-widget elementor-widget-text-editor\" data-id=\"9a1fd6a\" data-element_type=\"widget\" data-e-type=\"widget\" data-widget_type=\"text-editor.default\">\n\t\t\t\t<div class=\"elementor-widget-container\">\n\t\t\t\t\t\t\t\t\t<p class=\"elementor-heading-title elementor-size-default\">Met onze Credibili-tree tool kunnen bedrijven eenvoudig het minimumaantal bomen berekenen dat ze moeten planten om geloofwaardigheid te winnen en zo een positieve merkperceptie bij consumenten te cre\u00ebren.<\/p>\n\t\t\t\t\t\t\t\t<\/div>\n\t\t\t\t<\/div>\n\t\t<div class=\"elementor-element elementor-element-a1eba69 e-con-full e-flex e-con e-child\" data-id=\"a1eba69\" data-element_type=\"container\" data-e-type=\"container\">\n\t\t\t\t<div class=\"elementor-element elementor-element-ef19b2c elementor-widget elementor-widget-button\" data-id=\"ef19b2c\" data-element_type=\"widget\" data-e-type=\"widget\" data-widget_type=\"button.default\">\n\t\t\t\t<div class=\"elementor-widget-container\">\n\t\t\t\t\t\t\t\t\t<div class=\"elementor-button-wrapper\">\n\t\t\t\t\t<a class=\"elementor-button elementor-button-link elementor-size-sm elementor-animation-grow\" href=\"#about-the-calculator\">\n\t\t\t\t\t\t<span class=\"elementor-button-content-wrapper\">\n\t\t\t\t\t\t<span class=\"elementor-button-icon\">\n\t\t\t\t<svg aria-hidden=\"true\" class=\"e-font-icon-svg e-fas-long-arrow-alt-down\" viewBox=\"0 0 256 512\" xmlns=\"http:\/\/www.w3.org\/2000\/svg\"><path d=\"M168 345.941V44c0-6.627-5.373-12-12-12h-56c-6.627 0-12 5.373-12 12v301.941H41.941c-21.382 0-32.09 25.851-16.971 40.971l86.059 86.059c9.373 9.373 24.569 9.373 33.941 0l86.059-86.059c15.119-15.119 4.411-40.971-16.971-40.971H168z\"><\/path><\/svg>\t\t\t<\/span>\n\t\t\t\t\t\t\t\t<\/span>\n\t\t\t\t\t<\/a>\n\t\t\t\t<\/div>\n\t\t\t\t\t\t\t\t<\/div>\n\t\t\t\t<\/div>\n\t\t\t\t<\/div>\n\t\t\t\t<\/div>\n\t\t\t\t\t<\/div>\n\t\t\t\t<\/div>\n\t\t<div class=\"elementor-element elementor-element-8466fad e-flex e-con-boxed e-con e-parent\" data-id=\"8466fad\" data-element_type=\"container\" data-e-type=\"container\" id=\"about-the-calculator\" data-settings=\"{&quot;shape_divider_top&quot;:&quot;curve&quot;,&quot;shape_divider_top_negative&quot;:&quot;yes&quot;}\">\n\t\t\t\t\t<div class=\"e-con-inner\">\n\t\t\t\t<div class=\"elementor-shape elementor-shape-top\" aria-hidden=\"true\" data-negative=\"true\">\n\t\t\t<svg xmlns=\"http:\/\/www.w3.org\/2000\/svg\" viewBox=\"0 0 1000 100\" preserveAspectRatio=\"none\">\n\t<path class=\"elementor-shape-fill\" d=\"M500,97C126.7,96.3,0.8,19.8,0,0v100l1000,0V1C1000,19.4,873.3,97.8,500,97z\"\/>\n<\/svg>\t\t<\/div>\n\t\t<div class=\"elementor-element elementor-element-d3b9cf7 e-con-full e-flex e-con e-child\" data-id=\"d3b9cf7\" data-element_type=\"container\" data-e-type=\"container\" data-settings=\"{&quot;background_background&quot;:&quot;classic&quot;}\">\n\t\t\t\t<div class=\"elementor-element elementor-element-9d8757e elementor-widget elementor-widget-heading\" data-id=\"9d8757e\" data-element_type=\"widget\" data-e-type=\"widget\" data-widget_type=\"heading.default\">\n\t\t\t\t<div class=\"elementor-widget-container\">\n\t\t\t\t\t<h2 class=\"elementor-heading-title elementor-size-default\">Over de rekentool<\/h2>\t\t\t\t<\/div>\n\t\t\t\t<\/div>\n\t\t\t\t<div class=\"elementor-element elementor-element-90fa49b elementor-widget elementor-widget-text-editor\" data-id=\"90fa49b\" data-element_type=\"widget\" data-e-type=\"widget\" data-widget_type=\"text-editor.default\">\n\t\t\t\t<div class=\"elementor-widget-container\">\n\t\t\t\t\t\t\t\t\t<div class=\"elementor-element elementor-element-c818d4a elementor-widget elementor-widget-text-editor\" data-id=\"c818d4a\" data-element_type=\"widget\" data-e-type=\"widget\" data-widget_type=\"text-editor.default\">\n<div class=\"elementor-widget-container\">\n<p>Go Forest werkte samen met communicatiebureau Bubka en Prof. Dr. Gino Verleye (IMEC, UGent, VUB) om de <strong>geloofwaardigheid van boomplantinitiatieven<\/strong> te onderzoeken en ontwikkelde een gratis tool om bedrijven hierbij te ondersteunen. <span class=\"Apple-converted-space\"> <\/span><\/p>\n<p>Ons onderzoek toont aan dat bijna 95% van de respondenten het planten van bomen door bedrijven als een positief initiatief beschouwt. Tegelijkertijd worden consumenten sceptischer tegenover &#8216;groene&#8217; initiatieven, waardoor bedrijven voor uitdagingen kunnen komen te staan bij het overtuigen van consumenten over de geloofwaardigheid van hun bebossingsinspanningen. Met deze studie hebben we geprobeerd dit probleem aan te pakken. Door wetenschappelijk onderbouwde aanbevelingen te bieden, wil dit onderzoek bedrijven begeleiden bij hun bosbouwprojecten en hen helpen een betekenisvolle bijdrage te leveren aan de strijd tegen klimaatverandering.   <\/p>\n<\/div>\n<\/div>\n<div class=\"elementor-element elementor-element-e587e96 elementor-widget elementor-widget-text-editor\" data-id=\"e587e96\" data-element_type=\"widget\" data-e-type=\"widget\" data-widget_type=\"text-editor.default\">\n<div class=\"elementor-widget-container\">\n<p>De tool toont bedrijven in <strong>19 verschillende sectoren<\/strong> het minimumaantal bomen dat ze moeten planten om geloofwaardigheid te winnen en daarmee een positieve merkperceptie bij consumenten te cre\u00ebren. Vragen over je berekening? Neem contact op om het te bespreken!  <\/p>\n<\/div>\n<\/div>\n\t\t\t\t\t\t\t\t<\/div>\n\t\t\t\t<\/div>\n\t\t\t\t<div class=\"elementor-element elementor-element-515e73f elementor-widget elementor-widget-heading\" data-id=\"515e73f\" data-element_type=\"widget\" data-e-type=\"widget\" data-widget_type=\"heading.default\">\n\t\t\t\t<div class=\"elementor-widget-container\">\n\t\t\t\t\t<h2 class=\"elementor-heading-title elementor-size-default\">Meer informatie? Download het onderzoek <\/h2>\t\t\t\t<\/div>\n\t\t\t\t<\/div>\n\t\t\t\t<div class=\"elementor-element elementor-element-b9e8e2d elementor-widget elementor-widget-jet-form-builder-form\" data-id=\"b9e8e2d\" data-element_type=\"widget\" data-e-type=\"widget\" data-widget_type=\"jet-form-builder-form.default\">\n\t\t\t\t<div class=\"elementor-widget-container\">\n\t\t\t\t\t<link rel='stylesheet' id='wp-block-library-css' href='https:\/\/hb.wpmucdn.com\/goforest.be\/a0ec5efd-ce96-44ed-99f4-af03cc0c0567.css' media='all' \/>\n<style id=\"jet-form-builder-860-inline-css\"><\/style><form  class=\"jet-form-builder layout-column submit-type-reload\" action=\"https:\/\/goforest.be\/nl\/wp-json\/wp\/v2\/pages\/3445\/?419lyE=87BuD48zz48r&amp;method=reload\" method=\"POST\" data-form-id=\"860\" data-layout=\"column\" enctype=\"multipart\/form-data\" novalidate=\"null\" ssr_validation_method=\"rest\"><input type=\"hidden\" id=\"_wpnonce\" name=\"_wpnonce\" value=\"1b98d83a8d\" \/><input type=\"hidden\" name=\"_wp_http_referer\" value=\"\/nl\/wp-json\/wp\/v2\/pages\/3445\" \/>\r\n<input type=\"hidden\" name=\"_jfb_current_render_states[]\" value=\"DEFAULT.STATE\" data-jfb-sync \/><input type=\"hidden\" class=\"jet-form-builder__field hidden-field\" name=\"_jet_engine_booking_form_id\" data-field-name=\"_jet_engine_booking_form_id\" value=\"860\">\n<input type=\"hidden\" class=\"jet-form-builder__field hidden-field\" name=\"_jet_engine_refer\" data-field-name=\"_jet_engine_refer\" value=\"https:\/\/goforest.be\/nl\/wp-json\/wp\/v2\/pages\/3445\/\">\n<input type=\"hidden\" class=\"jet-form-builder__field hidden-field\" name=\"__queried_post_id\" data-field-name=\"__queried_post_id\" value=\"3445\">\n<div  class=\"jet-form-builder-row field-type-text-field\" >\n<div class=\"jet-form-builder__label\">\r\n<label class=\"jet-form-builder__label-text\" for=\"email\">Email <span class=\"jet-form-builder__required\">*<\/span><\/label><\/div><div class=\"jet-form-builder__field-wrap\">\n\t\t\t\t<input required=\"required\" name=\"email\" id=\"email\" type=\"text\" data-field-name=\"email\" class=\"jet-form-builder__field text-field\" data-jfb-sync=\"null\" autocomplete=\"off_JpdK2z14\">\n\t\t\t\t\t<\/div>\n<\/div>\n\n<div  class=\"jet-form-builder-row field-type-submit-field\" >\n\t<div data-type=\"submit\" class=\"jet-form-builder__action-button-wrapper jet-form-builder__submit-wrap\">\n\t<button class=\"jet-form-builder__action-button jet-form-builder__submit submit-type-reload\" type=\"submit\">Download<\/button>\n\t<\/div>\n\t\n<\/div>\n\n\n<p><\/p>\n\t<div class=\"jet-form-builder-messages-wrap\" data-form-id=\"860\"><\/div>\n<\/form>\n\t\t\t\t<\/div>\n\t\t\t\t<\/div>\n\t\t\t\t<div class=\"elementor-element elementor-element-db54eaa elementor-widget elementor-widget-video\" data-id=\"db54eaa\" data-element_type=\"widget\" data-e-type=\"widget\" data-settings=\"{&quot;youtube_url&quot;:&quot;https:\\\/\\\/www.youtube.com\\\/watch?v=IahLhbZ63OU&quot;,&quot;video_type&quot;:&quot;youtube&quot;,&quot;controls&quot;:&quot;yes&quot;}\" data-widget_type=\"video.default\">\n\t\t\t\t<div class=\"elementor-widget-container\">\n\t\t\t\t\t\t\t<div class=\"elementor-wrapper elementor-open-inline\">\n\t\t\t<div class=\"elementor-video\"><\/div>\t\t<\/div>\n\t\t\t\t\t\t<\/div>\n\t\t\t\t<\/div>\n\t\t\t\t<\/div>\n\t\t<div class=\"elementor-element elementor-element-1f1b056 e-con-full e-flex e-con e-child\" data-id=\"1f1b056\" data-element_type=\"container\" data-e-type=\"container\" data-settings=\"{&quot;background_background&quot;:&quot;classic&quot;}\">\n\t\t\t\t<div class=\"elementor-element elementor-element-10ee059 elementor-widget elementor-widget-shortcode\" data-id=\"10ee059\" data-element_type=\"widget\" data-e-type=\"widget\" data-widget_type=\"shortcode.default\">\n\t\t\t\t<div class=\"elementor-widget-container\">\n\t\t\t\t\t\t\t<div class=\"elementor-shortcode\"><script type=\"text\/javascript\">var eventMethod=window.addEventListener?\"addEventListener\":\"attachEvent\",eventer=window[eventMethod],messageEvent=\"attachEvent\"==eventMethod?\"onmessage\":\"message\";eventer(messageEvent,function(e){if(e.origin=='https:\/\/embed.calculoid.com'){if(e.data.startsWith(\"height;\")){document.getElementById(\"calc-99856\").style.height=e.data.split(\"height;\")[1]+\"px\"}else if(e.data.startsWith(\"url;\")){window.location.href=e.data.split(\"url;\")[1]}}},!1)<\/script><iframe id=\"calc-99856\" src=\"https:\/\/embed.calculoid.com\/?calcId=99856&amp;apiKey=6a48c675643d522e09984&amp;showTitle=true&amp;showDescription=true\" scrolling=\"no\" style=\"width: 100%; border: none;\"><\/iframe><\/div>\n\t\t\t\t\t\t<\/div>\n\t\t\t\t<\/div>\n\t\t\t\t<div class=\"elementor-element elementor-element-4b1a143 elementor-widget elementor-widget-toggle\" data-id=\"4b1a143\" data-element_type=\"widget\" data-e-type=\"widget\" data-widget_type=\"toggle.default\">\n\t\t\t\t<div class=\"elementor-widget-container\">\n\t\t\t\t\t\t\t<div class=\"elementor-toggle\">\n\t\t\t\t\t\t\t<div class=\"elementor-toggle-item\">\n\t\t\t\t\t<div id=\"elementor-tab-title-7871\" class=\"elementor-tab-title\" data-tab=\"1\" role=\"button\" aria-controls=\"elementor-tab-content-7871\" aria-expanded=\"false\">\n\t\t\t\t\t\t\t\t\t\t\t\t<span class=\"elementor-toggle-icon elementor-toggle-icon-left\" aria-hidden=\"true\">\n\t\t\t\t\t\t\t\t\t\t\t\t\t\t\t<span class=\"elementor-toggle-icon-closed\"><svg class=\"e-font-icon-svg e-fas-caret-right\" viewBox=\"0 0 192 512\" xmlns=\"http:\/\/www.w3.org\/2000\/svg\"><path d=\"M0 384.662V127.338c0-17.818 21.543-26.741 34.142-14.142l128.662 128.662c7.81 7.81 7.81 20.474 0 28.284L34.142 398.804C21.543 411.404 0 402.48 0 384.662z\"><\/path><\/svg><\/span>\n\t\t\t\t\t\t\t\t<span class=\"elementor-toggle-icon-opened\"><svg class=\"elementor-toggle-icon-opened e-font-icon-svg e-fas-caret-up\" viewBox=\"0 0 320 512\" xmlns=\"http:\/\/www.w3.org\/2000\/svg\"><path d=\"M288.662 352H31.338c-17.818 0-26.741-21.543-14.142-34.142l128.662-128.662c7.81-7.81 20.474-7.81 28.284 0l128.662 128.662c12.6 12.599 3.676 34.142-14.142 34.142z\"><\/path><\/svg><\/span>\n\t\t\t\t\t\t\t\t\t\t\t\t\t<\/span>\n\t\t\t\t\t\t\t\t\t\t\t\t<a class=\"elementor-toggle-title\" tabindex=\"0\">Meer informatie &amp; opmerkingen<\/a>\n\t\t\t\t\t<\/div>\n\n\t\t\t\t\t<div id=\"elementor-tab-content-7871\" class=\"elementor-tab-content elementor-clearfix\" data-tab=\"1\" role=\"region\" aria-labelledby=\"elementor-tab-title-7871\"><ul>\n<li><b>om de tool te gebruiken, moet je eerst cookies inschakelen<\/b><\/li>\n<li>we hebben de percepties van 1.000 consumenten onderzocht over bedrijven in 19 sectoren<\/li>\n<\/ul>\n<p><\/p>\n<ul class=\"p-rich_text_list p-rich_text_list__bullet\" data-stringify-type=\"unordered-list\" data-indent=\"0\" data-border=\"0\">\n<li data-stringify-indent=\"0\" data-stringify-border=\"0\">de consumentengroep bestond uit Nederlandstalige en Franstalige mannen en vrouwen, van generaties vari\u00ebrend van babyboomers tot generatie Z<\/li>\n<li data-stringify-indent=\"0\" data-stringify-border=\"0\">in deze studie wordt uitsluitend gekeken naar de perceptie van de consument<\/li>\n<li data-stringify-indent=\"0\" data-stringify-border=\"0\">we gebruiken het aantal werknemers als maatstaf voor de omvang van het bedrijf<\/li>\n<li data-stringify-indent=\"0\" data-stringify-border=\"0\">omdat we werken met bedrijfsgroottes vanaf 10 werknemers, verandert het aantal bomen niet \u00e9\u00e9n voor \u00e9\u00e9n (voor een specifiekere berekening voor jouw bedrijf, kun je contact met ons opnemen via&nbsp;<a class=\"c-link\" href=\"mailto:info@goforest.be\" target=\"_blank\" rel=\"noopener noreferrer\" data-stringify-link=\"mailto:info@goforest.be\" data-sk=\"tooltip_parent\" aria-haspopup=\"menu\" aria-expanded=\"false\">info@goforest.be<\/a>&nbsp;)<\/li>\n<li style=\"font-size: 16px;\" data-stringify-indent=\"0\" data-stringify-border=\"0\">deze tool toont het minimumaantal bomen dat nodig is om een boomplantcampagne als een geloofwaardige klimaatactie te laten overkomen en zo het imago van het bedrijf te versterken<\/li>\n<li style=\"font-size: 16px;\" data-stringify-indent=\"0\" data-stringify-border=\"0\">we kunnen geen tijdschema defini\u00ebren voor het planten van de bomen, omdat dit afhankelijk is van de duur van jouw campagne<\/li>\n<li data-stringify-indent=\"0\" data-stringify-border=\"0\">de drempel voor grote bedrijven ligt veel hoger dan voor kleine bedrijven, omdat van grote bedrijven wordt verwacht dat ze veel aanzienlijkere klimaatmaatregelen ondernemen dan kleinere ondernemingen<\/li>\n<\/ul>\n<\/div>\n\t\t\t\t<\/div>\n\t\t\t\t\t\t\t<div class=\"elementor-toggle-item\">\n\t\t\t\t\t<div id=\"elementor-tab-title-7872\" class=\"elementor-tab-title\" data-tab=\"2\" role=\"button\" aria-controls=\"elementor-tab-content-7872\" aria-expanded=\"false\">\n\t\t\t\t\t\t\t\t\t\t\t\t<span class=\"elementor-toggle-icon elementor-toggle-icon-left\" aria-hidden=\"true\">\n\t\t\t\t\t\t\t\t\t\t\t\t\t\t\t<span class=\"elementor-toggle-icon-closed\"><svg class=\"e-font-icon-svg e-fas-caret-right\" viewBox=\"0 0 192 512\" xmlns=\"http:\/\/www.w3.org\/2000\/svg\"><path d=\"M0 384.662V127.338c0-17.818 21.543-26.741 34.142-14.142l128.662 128.662c7.81 7.81 7.81 20.474 0 28.284L34.142 398.804C21.543 411.404 0 402.48 0 384.662z\"><\/path><\/svg><\/span>\n\t\t\t\t\t\t\t\t<span class=\"elementor-toggle-icon-opened\"><svg class=\"elementor-toggle-icon-opened e-font-icon-svg e-fas-caret-up\" viewBox=\"0 0 320 512\" xmlns=\"http:\/\/www.w3.org\/2000\/svg\"><path d=\"M288.662 352H31.338c-17.818 0-26.741-21.543-14.142-34.142l128.662-128.662c7.81-7.81 20.474-7.81 28.284 0l128.662 128.662c12.6 12.599 3.676 34.142-14.142 34.142z\"><\/path><\/svg><\/span>\n\t\t\t\t\t\t\t\t\t\t\t\t\t<\/span>\n\t\t\t\t\t\t\t\t\t\t\t\t<a class=\"elementor-toggle-title\" tabindex=\"0\">Waarom is het belangrijk dat boomplantinitiatieven geloofwaardig zijn?<\/a>\n\t\t\t\t\t<\/div>\n\n\t\t\t\t\t<div id=\"elementor-tab-content-7872\" class=\"elementor-tab-content elementor-clearfix\" data-tab=\"2\" role=\"region\" aria-labelledby=\"elementor-tab-title-7872\"><p>Consumenten zijn zich steeds meer bewust van het belang van duurzaamheid en verwachten dat bedrijven concrete acties ondernemen om klimaatverandering tegen te gaan. Het planten van bomen is een effectieve manier om de CO\u2082-uitstoot te verminderen en ecosystemen te herstellen, maar als bedrijven niet genoeg bomen planten, kunnen hun initiatieven worden gezien als greenwashing. <\/p>\n<\/div>\n\t\t\t\t<\/div>\n\t\t\t\t\t\t\t\t<\/div>\n\t\t\t\t\t\t<\/div>\n\t\t\t\t<\/div>\n\t\t\t\t<\/div>\n\t\t\t\t\t<\/div>\n\t\t\t\t<\/div>\n\t\t\t\t<\/div>\n\t\t","protected":false},"excerpt":{"rendered":"<p>Met onze Credibili-tree tool kunnen bedrijven eenvoudig het minimumaantal bomen berekenen dat ze moeten planten om geloofwaardigheid te winnen en zo een positieve merkperceptie bij consumenten te cre\u00ebren.<\/p>\n","protected":false},"author":2,"featured_media":9108,"parent":0,"menu_order":0,"comment_status":"closed","ping_status":"closed","template":"","meta":{"footnotes":""},"class_list":["post-3445","page","type-page","status-publish","has-post-thumbnail","hentry"],"_links":{"self":[{"href":"https:\/\/goforest.be\/nl\/wp-json\/wp\/v2\/pages\/3445","targetHints":{"allow":["GET"]}}],"collection":[{"href":"https:\/\/goforest.be\/nl\/wp-json\/wp\/v2\/pages"}],"about":[{"href":"https:\/\/goforest.be\/nl\/wp-json\/wp\/v2\/types\/page"}],"author":[{"embeddable":true,"href":"https:\/\/goforest.be\/nl\/wp-json\/wp\/v2\/users\/2"}],"replies":[{"embeddable":true,"href":"https:\/\/goforest.be\/nl\/wp-json\/wp\/v2\/comments?post=3445"}],"version-history":[{"count":0,"href":"https:\/\/goforest.be\/nl\/wp-json\/wp\/v2\/pages\/3445\/revisions"}],"wp:featuredmedia":[{"embeddable":true,"href":"https:\/\/goforest.be\/nl\/wp-json\/wp\/v2\/media\/9108"}],"wp:attachment":[{"href":"https:\/\/goforest.be\/nl\/wp-json\/wp\/v2\/media?parent=3445"}],"curies":[{"name":"wp","href":"https:\/\/api.w.org\/{rel}","templated":true}]}}